{"id":2451,"date":"2015-05-22T11:38:20","date_gmt":"2015-05-22T09:38:20","guid":{"rendered":"https:\/\/plekimeister.ee\/ettevottest\/"},"modified":"2018-03-20T13:22:08","modified_gmt":"2018-03-20T11:22:08","slug":"yrityksesta","status":"publish","type":"page","link":"https:\/\/plekimeister.ee\/fi\/yrityksesta\/","title":{"rendered":"Yrityksest\u00e4"},"content":{"rendered":"<p>[vc_row][vc_column][vc_column_text]<\/p>\n<h4>Plekimeister 5+ O\u00dc perustuotantona on sadevesij\u00e4rjestelm\u00e4t, ikkuna- ja reunapellit, erilaiset lis\u00e4pellit, monimutkaisten savupiippupeltien, savupiippuhattujen ja kattoluukkujen valmistaminen sek\u00e4 kaikenlaiset muut peltity\u00f6t..<\/h4>\n<h4>Suurimpia asiakkaitamme ovat <a style=\"text-decoration: none; color: #b12447;\" href=\"http:\/\/www.k-kate.ee\/\" target=\"_blank\">K-Kate Katused O\u00dc<\/a> ja <a style=\"text-decoration: none; color: #b12447;\" href=\"http:\/\/bestor.ee\/\" target=\"_blank\">Bestor Grupp AS<\/a>, joiden perustoimiala on kattojen rakentaminen ja kattotarvikkeiden myynti kaikkialla Virossa.<\/h4>\n<p>[\/vc_column_text][vc_separator][\/vc_column][\/vc_row][vc_row][vc_column][vc_column_text]<\/p>\n<h4>Raakamateriaalina k\u00e4yt\u00e4mme:<\/h4>\n<p>[\/vc_column_text][vc_column_text css=&#8221;.vc_custom_1521544842548{padding-left: 0px !important;}&#8221;]<\/p>\n<ul>\n<li>0,45\u20130,6 mm sinkitty\u00e4 ter\u00e4spelti\u00e4, jonka sinkkipinnan paksuus on 275 g\/m\u00b2 ja p\u00e4\u00e4llysteeksi pural, polyesteri, PVC tai PVDF;<\/li>\n<li>Sinkitty ter\u00e4spelti 0,5\u20132,5 mm;<\/li>\n<li>Alumiini 1\u20134 mm;<\/li>\n<li>Ruostumaton ter\u00e4s 0,5\u20131,5 mm;<\/li>\n<li>Kupari\/messinki 0,5\u20133 mm.<\/li>\n<\/ul>\n<p>[\/vc_column_text][vc_separator][\/vc_column][\/vc_row][vc_row][vc_column][vc_column_text]<\/p>\n<h4>Yhteisty\u00f6kumppaneitamme ovat:<\/h4>\n<p>[\/vc_column_text][ess_grid settings=&#8221;{&#8217;entry-skin&#8217;:&#8217;50&#8217;,&#8217;layout-sizing&#8217;:&#8217;boxed&#8217;,&#8217;grid-layout&#8217;:&#8217;masonry&#8217;,&#8217;spacings&#8217;:&#8217;0&#8242;,&#8217;rows-unlimited&#8217;:&#8217;off&#8217;,&#8217;columns&#8217;:&#8217;6&#8242;,&#8217;rows&#8217;:&#8217;11&#8217;,&#8217;grid-animation&#8217;:&#8217;fade&#8217;,&#8217;use-spinner&#8217;:&#8217;0&#8242;}&#8221; layers=&#8221;{&#8217;custom-image&#8217;:{&#8217;00&#8217;:&#8217;1950&#8242;,&#8217;01&#8217;:&#8217;1957&#8242;,&#8217;02&#8217;:&#8217;1949&#8242;,&#8217;03&#8217;:&#8217;1958&#8242;,&#8217;04&#8217;:&#8217;1955&#8242;,&#8217;05&#8217;:&#8217;1953&#8242;,&#8217;06&#8217;:&#8217;1956&#8242;,&#8217;07&#8217;:&#8217;1959&#8242;,&#8217;08&#8217;:&#8217;1954&#8242;,&#8217;09&#8217;:&#8217;1951&#8242;,&#8217;010&#8242;:&#8217;1952&#8242;},&#8217;custom-type&#8217;:{&#8217;00&#8217;:&#8217;image&#8217;,&#8217;01&#8217;:&#8217;image&#8217;,&#8217;02&#8217;:&#8217;image&#8217;,&#8217;03&#8217;:&#8217;image&#8217;,&#8217;04&#8217;:&#8217;image&#8217;,&#8217;05&#8217;:&#8217;image&#8217;,&#8217;06&#8217;:&#8217;image&#8217;,&#8217;07&#8217;:&#8217;image&#8217;,&#8217;08&#8217;:&#8217;image&#8217;,&#8217;09&#8217;:&#8217;image&#8217;,&#8217;010&#8242;:&#8217;image&#8217;},&#8217;use-skin&#8217;:{&#8217;00&#8217;:&#8217;-1&#8242;,&#8217;01&#8217;:&#8217;-1&#8242;,&#8217;02&#8217;:&#8217;-1&#8242;,&#8217;03&#8217;:&#8217;-1&#8242;,&#8217;04&#8217;:&#8217;-1&#8242;,&#8217;05&#8217;:&#8217;-1&#8242;,&#8217;06&#8217;:&#8217;-1&#8242;,&#8217;07&#8217;:&#8217;-1&#8242;,&#8217;08&#8217;:&#8217;-1&#8242;,&#8217;09&#8217;:&#8217;-1&#8242;,&#8217;010&#8242;:&#8217;-1&#8242;}}&#8221;][\/vc_column][\/vc_row]<\/p>\n","protected":false},"excerpt":{"rendered":"<p>[vc_row][vc_column][vc_column_text] Plekimeister 5+ O\u00dc perustuotantona on sadevesij\u00e4rjestelm\u00e4t, ikkuna- ja reunapellit, erilaiset lis\u00e4pellit, monimutkaisten savupiippupeltien, savupiippuhattujen ja kattoluukkujen valmistaminen sek\u00e4 kaikenlaiset muut &#8230;<\/p>\n","protected":false},"author":2,"featured_media":0,"parent":0,"menu_order":0,"comment_status":"closed","ping_status":"closed","template":"","meta":{"footnotes":""},"class_list":["post-2451","page","type-page","status-publish","hentry"],"_links":{"self":[{"href":"https:\/\/plekimeister.ee\/fi\/wp-json\/wp\/v2\/pages\/2451","targetHints":{"allow":["GET"]}}],"collection":[{"href":"https:\/\/plekimeister.ee\/fi\/wp-json\/wp\/v2\/pages"}],"about":[{"href":"https:\/\/plekimeister.ee\/fi\/wp-json\/wp\/v2\/types\/page"}],"author":[{"embeddable":true,"href":"https:\/\/plekimeister.ee\/fi\/wp-json\/wp\/v2\/users\/2"}],"replies":[{"embeddable":true,"href":"https:\/\/plekimeister.ee\/fi\/wp-json\/wp\/v2\/comments?post=2451"}],"version-history":[{"count":4,"href":"https:\/\/plekimeister.ee\/fi\/wp-json\/wp\/v2\/pages\/2451\/revisions"}],"predecessor-version":[{"id":2459,"href":"https:\/\/plekimeister.ee\/fi\/wp-json\/wp\/v2\/pages\/2451\/revisions\/2459"}],"wp:attachment":[{"href":"https:\/\/plekimeister.ee\/fi\/wp-json\/wp\/v2\/media?parent=2451"}],"curies":[{"name":"wp","href":"https:\/\/api.w.org\/{rel}","templated":true}]}}