{"id":2449,"date":"2015-05-27T13:52:31","date_gmt":"2015-05-27T11:52:31","guid":{"rendered":"https:\/\/plekimeister.ee\/galerii\/"},"modified":"2018-03-20T13:42:11","modified_gmt":"2018-03-20T11:42:11","slug":"galleria","status":"publish","type":"page","link":"https:\/\/plekimeister.ee\/fi\/galleria\/","title":{"rendered":"Galleria"},"content":{"rendered":"<p>[vc_row][vc_column][vc_column_text]<\/p>\n<h4>T\u00e4ss\u00e4 muutama n\u00e4yte t\u00f6ist\u00e4mme.<\/h4>\n<p>[\/vc_column_text][vc_separator][\/vc_column][\/vc_row][vc_row][vc_column][ess_grid settings=&#8221;{&#8217;entry-skin&#8217;:&#8217;46&#8217;,&#8217;layout-sizing&#8217;:&#8217;boxed&#8217;,&#8217;grid-layout&#8217;:&#8217;even&#8217;,&#8217;spacings&#8217;:&#8217;20&#8217;,&#8217;rows-unlimited&#8217;:&#8217;off&#8217;,&#8217;columns&#8217;:&#8217;4&#8242;,&#8217;rows&#8217;:&#8217;12&#8217;,&#8217;grid-animation&#8217;:&#8217;fade&#8217;,&#8217;use-spinner&#8217;:&#8217;-1&#8242;}&#8221; layers=&#8221;{&#8217;custom-image&#8217;:{&#8217;00&#8217;:&#8217;1900&#8242;,&#8217;01&#8217;:&#8217;1667&#8242;,&#8217;02&#8217;:&#8217;1669&#8242;,&#8217;03&#8217;:&#8217;1668&#8242;,&#8217;04&#8217;:&#8217;1899&#8242;,&#8217;05&#8217;:&#8217;1666&#8242;,&#8217;06&#8217;:&#8217;1902&#8242;,&#8217;07&#8217;:&#8217;2158&#8242;,&#8217;08&#8217;:&#8217;1911&#8242;,&#8217;09&#8217;:&#8217;1898&#8242;,&#8217;010&#8242;:&#8217;1912&#8242;,&#8217;011&#8242;:&#8217;1901&#8242;,&#8217;012&#8242;:&#8217;2159&#8242;,&#8217;013&#8242;:&#8217;2160&#8242;,&#8217;014&#8242;:&#8217;2156&#8242;,&#8217;015&#8242;:&#8217;2157&#8242;,&#8217;016&#8242;:&#8217;2161&#8242;,&#8217;017&#8242;:&#8217;2162&#8242;},&#8217;custom-type&#8217;:{&#8217;00&#8217;:&#8217;image&#8217;,&#8217;01&#8217;:&#8217;image&#8217;,&#8217;02&#8217;:&#8217;image&#8217;,&#8217;03&#8217;:&#8217;image&#8217;,&#8217;04&#8217;:&#8217;image&#8217;,&#8217;05&#8217;:&#8217;image&#8217;,&#8217;06&#8217;:&#8217;image&#8217;,&#8217;07&#8217;:&#8217;image&#8217;,&#8217;08&#8217;:&#8217;image&#8217;,&#8217;09&#8217;:&#8217;image&#8217;,&#8217;010&#8242;:&#8217;image&#8217;,&#8217;011&#8242;:&#8217;image&#8217;,&#8217;012&#8242;:&#8217;image&#8217;,&#8217;013&#8242;:&#8217;image&#8217;,&#8217;014&#8242;:&#8217;image&#8217;,&#8217;015&#8242;:&#8217;image&#8217;,&#8217;016&#8242;:&#8217;image&#8217;,&#8217;017&#8242;:&#8217;image&#8217;},&#8217;use-skin&#8217;:{&#8217;00&#8217;:&#8217;-1&#8242;,&#8217;01&#8217;:&#8217;-1&#8242;,&#8217;02&#8217;:&#8217;-1&#8242;,&#8217;03&#8217;:&#8217;-1&#8242;,&#8217;04&#8217;:&#8217;-1&#8242;,&#8217;05&#8217;:&#8217;-1&#8242;,&#8217;06&#8217;:&#8217;-1&#8242;,&#8217;07&#8217;:&#8217;-1&#8242;,&#8217;08&#8217;:&#8217;-1&#8242;,&#8217;09&#8217;:&#8217;-1&#8242;,&#8217;010&#8242;:&#8217;-1&#8242;,&#8217;011&#8242;:&#8217;-1&#8242;,&#8217;012&#8242;:&#8217;-1&#8242;,&#8217;013&#8242;:&#8217;-1&#8242;,&#8217;014&#8242;:&#8217;-1&#8242;,&#8217;015&#8242;:&#8217;-1&#8242;,&#8217;016&#8242;:&#8217;-1&#8242;,&#8217;017&#8242;:&#8217;-1&#8242;},&#8217;title&#8217;:{&#8217;00&#8217;:&#8217;Korsten&#8217;,&#8217;01&#8217;:&#8217;Korsten&#8217;,&#8217;02&#8217;:&#8217;Korstnam\u00fcts&#8217;,&#8217;03&#8217;:&#8217;Korstnam\u00fcts&#8217;,&#8217;04&#8217;:&#8217;Korstnam\u00fcts&#8217;,&#8217;05&#8217;:&#8217;Kellatorn&#8217;,&#8217;06&#8217;:&#8217;N\u00e4idis&#8217;,&#8217;07&#8217;:&#8217;N\u00e4idis&#8217;,&#8217;08&#8217;:&#8217;Tooten\u00e4idised&#8217;,&#8217;09&#8217;:&#8217;Kinniti ja renni ots&#8217;,&#8217;010&#8242;:&#8217;Vihmaveetoru&#8217;,&#8217;011&#8242;:&#8217;Lehter&#8217;,&#8217;012&#8242;:&#8217;Libisev &#8211; suletud&#8217;,&#8217;013&#8242;:&#8217;Libisev &#8211; avatud&#8217;,&#8217;014&#8242;:&#8217;Hinged &#8211; suletud&#8217;,&#8217;015&#8242;:&#8217;Hinged &#8211; avatud&#8217;,&#8217;016&#8242;:&#8217;Liblik &#8211; suletud&#8217;,&#8217;017&#8242;:&#8217;Liblik &#8211; avatud&#8217;}}&#8221;][\/vc_column][\/vc_row]<\/p>\n","protected":false},"excerpt":{"rendered":"<p>[vc_row][vc_column][vc_column_text] T\u00e4ss\u00e4 muutama n\u00e4yte t\u00f6ist\u00e4mme. [\/vc_column_text][vc_separator][\/vc_column][\/vc_row][vc_row][vc_column][ess_grid settings=&#8221;{&#8217;entry-skin&#8217;:&#8217;46&#8217;,&#8217;layout-sizing&#8217;:&#8217;boxed&#8217;,&#8217;grid-layout&#8217;:&#8217;even&#8217;,&#8217;spacings&#8217;:&#8217;20&#8217;,&#8217;rows-unlimited&#8217;:&#8217;off&#8217;,&#8217;columns&#8217;:&#8217;4&#8242;,&#8217;rows&#8217;:&#8217;12&#8217;,&#8217;grid-animation&#8217;:&#8217;fade&#8217;,&#8217;use-spinner&#8217;:&#8217;-1&#8242;}&#8221; layers=&#8221;{&#8217;custom-image&#8217;:{&#8217;00&#8217;:&#8217;1900&#8242;,&#8217;01&#8217;:&#8217;1667&#8242;,&#8217;02&#8217;:&#8217;1669&#8242;,&#8217;03&#8217;:&#8217;1668&#8242;,&#8217;04&#8217;:&#8217;1899&#8242;,&#8217;05&#8217;:&#8217;1666&#8242;,&#8217;06&#8217;:&#8217;1902&#8242;,&#8217;07&#8217;:&#8217;2158&#8242;,&#8217;08&#8217;:&#8217;1911&#8242;,&#8217;09&#8217;:&#8217;1898&#8242;,&#8217;010&#8242;:&#8217;1912&#8242;,&#8217;011&#8242;:&#8217;1901&#8242;,&#8217;012&#8242;:&#8217;2159&#8242;,&#8217;013&#8242;:&#8217;2160&#8242;,&#8217;014&#8242;:&#8217;2156&#8242;,&#8217;015&#8242;:&#8217;2157&#8242;,&#8217;016&#8242;:&#8217;2161&#8242;,&#8217;017&#8242;:&#8217;2162&#8242;},&#8217;custom-type&#8217;:{&#8217;00&#8217;:&#8217;image&#8217;,&#8217;01&#8217;:&#8217;image&#8217;,&#8217;02&#8217;:&#8217;image&#8217;,&#8217;03&#8217;:&#8217;image&#8217;,&#8217;04&#8217;:&#8217;image&#8217;,&#8217;05&#8217;:&#8217;image&#8217;,&#8217;06&#8217;:&#8217;image&#8217;,&#8217;07&#8217;:&#8217;image&#8217;,&#8217;08&#8217;:&#8217;image&#8217;,&#8217;09&#8217;:&#8217;image&#8217;,&#8217;010&#8242;:&#8217;image&#8217;,&#8217;011&#8242;:&#8217;image&#8217;,&#8217;012&#8242;:&#8217;image&#8217;,&#8217;013&#8242;:&#8217;image&#8217;,&#8217;014&#8242;:&#8217;image&#8217;,&#8217;015&#8242;:&#8217;image&#8217;,&#8217;016&#8242;:&#8217;image&#8217;,&#8217;017&#8242;:&#8217;image&#8217;},&#8217;use-skin&#8217;:{&#8217;00&#8217;:&#8217;-1&#8242;,&#8217;01&#8217;:&#8217;-1&#8242;,&#8217;02&#8217;:&#8217;-1&#8242;,&#8217;03&#8217;:&#8217;-1&#8242;,&#8217;04&#8217;:&#8217;-1&#8242;,&#8217;05&#8217;:&#8217;-1&#8242;,&#8217;06&#8217;:&#8217;-1&#8242;,&#8217;07&#8217;:&#8217;-1&#8242;,&#8217;08&#8217;:&#8217;-1&#8242;,&#8217;09&#8217;:&#8217;-1&#8242;,&#8217;010&#8242;:&#8217;-1&#8242;,&#8217;011&#8242;:&#8217;-1&#8242;,&#8217;012&#8242;:&#8217;-1&#8242;,&#8217;013&#8242;:&#8217;-1&#8242;,&#8217;014&#8242;:&#8217;-1&#8242;,&#8217;015&#8242;:&#8217;-1&#8242;,&#8217;016&#8242;:&#8217;-1&#8242;,&#8217;017&#8242;:&#8217;-1&#8242;},&#8217;title&#8217;:{&#8217;00&#8217;:&#8217;Korsten&#8217;,&#8217;01&#8217;:&#8217;Korsten&#8217;,&#8217;02&#8217;:&#8217;Korstnam\u00fcts&#8217;,&#8217;03&#8217;:&#8217;Korstnam\u00fcts&#8217;,&#8217;04&#8217;:&#8217;Korstnam\u00fcts&#8217;,&#8217;05&#8217;:&#8217;Kellatorn&#8217;,&#8217;06&#8217;:&#8217;N\u00e4idis&#8217;,&#8217;07&#8217;:&#8217;N\u00e4idis&#8217;,&#8217;08&#8217;:&#8217;Tooten\u00e4idised&#8217;,&#8217;09&#8217;:&#8217;Kinniti ja renni ots&#8217;,&#8217;010&#8242;:&#8217;Vihmaveetoru&#8217;,&#8217;011&#8242;:&#8217;Lehter&#8217;,&#8217;012&#8242;:&#8217;Libisev &#8211; suletud&#8217;,&#8217;013&#8242;:&#8217;Libisev &#8211; avatud&#8217;,&#8217;014&#8242;:&#8217;Hinged &#8211; suletud&#8217;,&#8217;015&#8242;:&#8217;Hinged &#8211; avatud&#8217;,&#8217;016&#8242;:&#8217;Liblik &#8211; suletud&#8217;,&#8217;017&#8242;:&#8217;Liblik &#8230;<\/p>\n","protected":false},"author":2,"featured_media":0,"parent":0,"menu_order":0,"comment_status":"closed","ping_status":"closed","template":"","meta":{"footnotes":""},"class_list":["post-2449","page","type-page","status-publish","hentry"],"_links":{"self":[{"href":"https:\/\/plekimeister.ee\/fi\/wp-json\/wp\/v2\/pages\/2449","targetHints":{"allow":["GET"]}}],"collection":[{"href":"https:\/\/plekimeister.ee\/fi\/wp-json\/wp\/v2\/pages"}],"about":[{"href":"https:\/\/plekimeister.ee\/fi\/wp-json\/wp\/v2\/types\/page"}],"author":[{"embeddable":true,"href":"https:\/\/plekimeister.ee\/fi\/wp-json\/wp\/v2\/users\/2"}],"replies":[{"embeddable":true,"href":"https:\/\/plekimeister.ee\/fi\/wp-json\/wp\/v2\/comments?post=2449"}],"version-history":[{"count":1,"href":"https:\/\/plekimeister.ee\/fi\/wp-json\/wp\/v2\/pages\/2449\/revisions"}],"predecessor-version":[{"id":2475,"href":"https:\/\/plekimeister.ee\/fi\/wp-json\/wp\/v2\/pages\/2449\/revisions\/2475"}],"wp:attachment":[{"href":"https:\/\/plekimeister.ee\/fi\/wp-json\/wp\/v2\/media?parent=2449"}],"curies":[{"name":"wp","href":"https:\/\/api.w.org\/{rel}","templated":true}]}}