{"id":2440,"date":"2015-06-01T10:59:31","date_gmt":"2015-06-01T08:59:31","guid":{"rendered":"https:\/\/plekimeister.ee\/fassaadiplekid\/kubarprofiil\/"},"modified":"2018-03-20T15:23:40","modified_gmt":"2018-03-20T13:23:40","slug":"hattuprofiili","status":"publish","type":"page","link":"https:\/\/plekimeister.ee\/fi\/julkisivupellit\/hattuprofiili\/","title":{"rendered":"Hattuprofiili"},"content":{"rendered":"<p>[vc_row padding_top=&#8221;0&#8243; padding_bottom=&#8221;0&#8243;][vc_column css=&#8221;.vc_custom_1432908147274{background-position: center !important;background-repeat: no-repeat !important;background-size: contain !important;}&#8221;][vc_column_text]<\/p>\n<h2>Hattuprofiili<\/h2>\n<p>[\/vc_column_text][vc_single_image image=&#8221;1987&#8243; img_size=&#8221;large&#8221;][\/vc_column][\/vc_row][vc_row][vc_column][vc_column_text]<\/p>\n<h2>V\u00e4rivalikko<\/h2>\n<p>[\/vc_column_text][vc_column_text el_class=&#8221;product_color&#8221;]<\/p>\n<table>\n<tbody>\n<tr>\n<td class=\"valge\" style=\"background-color: #ffffff;\">RR 20<\/td>\n<td style=\"background-color: #e8e8e8;\">RR 21<\/td>\n<td style=\"background-color: #adadad;\">RR 22<\/td>\n<td style=\"background-color: #666666;\">RR 23<\/td>\n<td style=\"background-color: #000000;\">RR 33<\/td>\n<td style=\"background-color: #ffd35a;\">RR 24<\/td>\n<td style=\"background-color: #ffcb29;\">RR 25<\/td>\n<td style=\"background-color: #b56118;\">RR 750<\/td>\n<\/tr>\n<tr>\n<td style=\"background-color: #970000;\">RR 29<\/td>\n<td style=\"background-color: #e7d7c6;\">RR 30<\/td>\n<td style=\"background-color: #846152;\">RR 31<\/td>\n<td style=\"background-color: #524542;\">RR 32<\/td>\n<td style=\"background-color: #9cb6ce;\">RR 34<\/td>\n<td style=\"background-color: #292c4a;\">RR 35<\/td>\n<td style=\"background-color: #a5c394;\">RR 36<\/td>\n<td style=\"background-color: #005900;\">RR 37<\/td>\n<\/tr>\n<tr>\n<td style=\"background-color: #004040;\">RR 11<\/td>\n<td style=\"background-color: #cec3bd;\">RR 40<\/td>\n<td style=\"background-color: #9c928c;\">RR 41<\/td>\n<td style=\"background-color: #ceae7b;\">RR 42<\/td>\n<td style=\"background-color: #ce9a73;\">RR 43<\/td>\n<td style=\"background-color: #b5babd;\">RR 44<\/td>\n<td><\/td>\n<td><\/td>\n<\/tr>\n<\/tbody>\n<\/table>\n<p>[\/vc_column_text][\/vc_column][\/vc_row][vc_row][vc_column][vc_column_text]<br \/>\n[\/vc_column_text][\/vc_column][\/vc_row][vc_row][vc_column width=&#8221;1\/2&#8243;][vc_column_text]<\/p>\n<h2>Rajamitat tuotannolle<\/h2>\n<p>[\/vc_column_text][vc_cta h2=&#8221;&#8221; el_class=&#8221;tooted_action&#8221;]Profiilien maksimipituus 3 200 mm.<\/p>\n<p>Sinkityn ter\u00e4spellin maksimipaksuus 2,5 mm, alumiinipellill\u00e4 4 mm ja ruostumattomasta ter\u00e4ksest\u00e4 valmistetulla pellill\u00e4 1,5 mm.<\/p>\n<p>[\/vc_cta][\/vc_column][vc_column width=&#8221;1\/2&#8243;][vc_column_text]<\/p>\n<h2>Hinnasto<\/h2>\n<p>[\/vc_column_text][vc_column_text]Tutustu hinnastoon tai pyyd\u00e4 tarjousta postitse.<\/p>\n<p>Huomautus: Profiilien valmistaminen asiakkaan materiaaleista 0,30\u20131,90 EUR \/ jm<\/p>\n<p>[\/vc_column_text][\/vc_column][\/vc_row][vc_row][vc_column][vc_column_text]<\/p>\n<h2>Pyyd\u00e4 tarjous<\/h2>\n<p>[\/vc_column_text]\n<div class=\"wpcf7 no-js\" id=\"wpcf7-f2559-o1\" lang=\"en-US\" dir=\"ltr\" data-wpcf7-id=\"2559\">\n<div class=\"screen-reader-response\"><p role=\"status\" aria-live=\"polite\" aria-atomic=\"true\"><\/p> <ul><\/ul><\/div>\n<form action=\"\/fi\/wp-json\/wp\/v2\/pages\/2440#wpcf7-f2559-o1\" method=\"post\" class=\"wpcf7-form init\" aria-label=\"Contact form\" enctype=\"multipart\/form-data\" novalidate=\"novalidate\" data-status=\"init\">\n<fieldset class=\"hidden-fields-container\"><input type=\"hidden\" name=\"_wpcf7\" value=\"2559\" \/><input type=\"hidden\" name=\"_wpcf7_version\" value=\"6.1.5\" \/><input type=\"hidden\" name=\"_wpcf7_locale\" value=\"en_US\" \/><input type=\"hidden\" name=\"_wpcf7_unit_tag\" value=\"wpcf7-f2559-o1\" \/><input type=\"hidden\" name=\"_wpcf7_container_post\" value=\"0\" \/><input type=\"hidden\" name=\"_wpcf7_posted_data_hash\" value=\"\" \/>\n<\/fieldset>\n<p><span class=\"wpcf7-form-control-wrap\" data-name=\"email-799\"><input size=\"40\" maxlength=\"400\" class=\"wpcf7-form-control wpcf7-email wpcf7-validates-as-required wpcf7-text wpcf7-validates-as-email\" aria-required=\"true\" aria-invalid=\"false\" placeholder=\"S\u00e4hk\u00f6posti*\" value=\"\" type=\"email\" name=\"email-799\" \/><\/span>\n<\/p>\n<div class=\"form_1_2\">\n\t<p><span class=\"wpcf7-form-control-wrap\" data-name=\"text-862\"><input size=\"40\" maxlength=\"400\" class=\"wpcf7-form-control wpcf7-text wpcf7-validates-as-required\" aria-required=\"true\" aria-invalid=\"false\" placeholder=\"Nimi*\" value=\"\" type=\"text\" name=\"text-862\" \/><\/span>\n\t<\/p>\n<\/div>\n<div class=\"form_1_2 last\">\n\t<p><span class=\"wpcf7-form-control-wrap\" data-name=\"tel-796\"><input size=\"40\" maxlength=\"400\" class=\"wpcf7-form-control wpcf7-tel wpcf7-validates-as-required wpcf7-text wpcf7-validates-as-tel\" aria-required=\"true\" aria-invalid=\"false\" placeholder=\"Puhelin*\" value=\"\" type=\"tel\" name=\"tel-796\" \/><\/span>\n\t<\/p>\n<\/div>\n<div class=\"clear\">\n<\/div>\n<div class=\"form_1_3\">\n\t<p><span class=\"wpcf7-form-control-wrap\" data-name=\"text-77\"><input size=\"40\" maxlength=\"400\" class=\"wpcf7-form-control wpcf7-text wpcf7-validates-as-required\" aria-required=\"true\" aria-invalid=\"false\" placeholder=\"Tuotteen nimi\" value=\"\" type=\"text\" name=\"text-77\" \/><\/span>\n\t<\/p>\n<\/div>\n<div class=\"form_1_3\">\n\t<p><span class=\"wpcf7-form-control-wrap\" data-name=\"text-494\"><input size=\"40\" maxlength=\"400\" class=\"wpcf7-form-control wpcf7-text\" aria-invalid=\"false\" placeholder=\"Mitta a (mm)\" value=\"\" type=\"text\" name=\"text-494\" \/><\/span>\n\t<\/p>\n<\/div>\n<div class=\"form_1_3 last\">\n\t<p><span class=\"wpcf7-form-control-wrap\" data-name=\"text-61\"><input size=\"40\" maxlength=\"400\" class=\"wpcf7-form-control wpcf7-text\" aria-invalid=\"false\" placeholder=\"Mitta b (mm)\" value=\"\" type=\"text\" name=\"text-61\" \/><\/span>\n\t<\/p>\n<\/div>\n<p><span class=\"wpcf7-form-control-wrap\" data-name=\"your-message\"><textarea cols=\"40\" rows=\"10\" maxlength=\"2000\" class=\"wpcf7-form-control wpcf7-textarea wpcf7-validates-as-required\" aria-required=\"true\" aria-invalid=\"false\" placeholder=\"Kuvaus*\" name=\"your-message\"><\/textarea><\/span>\n<\/p>\n<div class=\"form_1_3\">\n\t<p><span class=\"wpcf7-form-control-wrap\" data-name=\"file-819\"><input size=\"40\" class=\"wpcf7-form-control wpcf7-file\" accept=\"audio\/*,video\/*,image\/*\" aria-invalid=\"false\" type=\"file\" name=\"file-819\" \/><\/span>\n\t<\/p>\n<\/div>\n<div class=\"form_1_3\">\n\t<p><span class=\"wpcf7-form-control-wrap\" data-name=\"file-820\"><input size=\"40\" class=\"wpcf7-form-control wpcf7-file\" accept=\"audio\/*,video\/*,image\/*\" aria-invalid=\"false\" type=\"file\" name=\"file-820\" \/><\/span>\n\t<\/p>\n<\/div>\n<div class=\"form_1_3 last\">\n\t<p><span class=\"wpcf7-form-control-wrap\" data-name=\"file-821\"><input size=\"40\" class=\"wpcf7-form-control wpcf7-file\" accept=\"audio\/*,video\/*,image\/*\" aria-invalid=\"false\" type=\"file\" name=\"file-821\" \/><\/span>\n\t<\/p>\n<\/div>\n<p><input class=\"wpcf7-form-control wpcf7-submit has-spinner btn btn-regular btn-secondary\" type=\"submit\" value=\"L\u00e4hett\u00e4\u00e4\" \/>\n<\/p><div class=\"wpcf7-response-output\" aria-hidden=\"true\"><\/div>\n<\/form>\n<\/div>\n[\/vc_column][\/vc_row]<\/p>\n","protected":false},"excerpt":{"rendered":"<p>[vc_row padding_top=&#8221;0&#8243; padding_bottom=&#8221;0&#8243;][vc_column css=&#8221;.vc_custom_1432908147274{background-position: center !important;background-repeat: no-repeat !important;background-size: contain !important;}&#8221;][vc_column_text] Hattuprofiili [\/vc_column_text][vc_single_image image=&#8221;1987&#8243; img_size=&#8221;large&#8221;][\/vc_column][\/vc_row][vc_row][vc_column][vc_column_text] V\u00e4rivalikko [\/vc_column_text][vc_column_text el_class=&#8221;product_color&#8221;] RR 20 RR 21 &#8230;<\/p>\n","protected":false},"author":2,"featured_media":1987,"parent":2422,"menu_order":0,"comment_status":"closed","ping_status":"closed","template":"","meta":{"footnotes":""},"class_list":["post-2440","page","type-page","status-publish","has-post-thumbnail","hentry"],"_links":{"self":[{"href":"https:\/\/plekimeister.ee\/fi\/wp-json\/wp\/v2\/pages\/2440","targetHints":{"allow":["GET"]}}],"collection":[{"href":"https:\/\/plekimeister.ee\/fi\/wp-json\/wp\/v2\/pages"}],"about":[{"href":"https:\/\/plekimeister.ee\/fi\/wp-json\/wp\/v2\/types\/page"}],"author":[{"embeddable":true,"href":"https:\/\/plekimeister.ee\/fi\/wp-json\/wp\/v2\/users\/2"}],"replies":[{"embeddable":true,"href":"https:\/\/plekimeister.ee\/fi\/wp-json\/wp\/v2\/comments?post=2440"}],"version-history":[{"count":2,"href":"https:\/\/plekimeister.ee\/fi\/wp-json\/wp\/v2\/pages\/2440\/revisions"}],"predecessor-version":[{"id":2560,"href":"https:\/\/plekimeister.ee\/fi\/wp-json\/wp\/v2\/pages\/2440\/revisions\/2560"}],"up":[{"embeddable":true,"href":"https:\/\/plekimeister.ee\/fi\/wp-json\/wp\/v2\/pages\/2422"}],"wp:featuredmedia":[{"embeddable":true,"href":"https:\/\/plekimeister.ee\/fi\/wp-json\/wp\/v2\/media\/1987"}],"wp:attachment":[{"href":"https:\/\/plekimeister.ee\/fi\/wp-json\/wp\/v2\/media?parent=2440"}],"curies":[{"name":"wp","href":"https:\/\/api.w.org\/{rel}","templated":true}]}}