{"id":2427,"date":"2015-06-17T00:46:26","date_gmt":"2015-06-16T22:46:26","guid":{"rendered":"https:\/\/plekimeister.ee\/kusi-pakkumist\/"},"modified":"2018-03-20T14:58:51","modified_gmt":"2018-03-20T12:58:51","slug":"pyyda-tarjous","status":"publish","type":"page","link":"https:\/\/plekimeister.ee\/fi\/pyyda-tarjous\/","title":{"rendered":"Pyyd\u00e4 tarjous!"},"content":{"rendered":"<p>[vc_row][vc_column][vc_column_text]<\/p>\n<h4>Plekimeister on p\u00e4tev\u00e4 kumppani my\u00f6s monimutkaisimmissa projekteissa. Autamme asiakkaitamme l\u00f6yt\u00e4m\u00e4\u00e4n juuri heid\u00e4n n\u00e4kemyksilleen sopivat ratkaisut, ja vuosien kuluessa olemmekin saavuttaneet luotettavan kumppanin maineen.<\/h4>\n<h4>Jos haluat neuvoja tai tarjouksen, ota meihin yhteytt\u00e4. Lis\u00e4\u00e4 mukaan tarvittaessa selostava kirje tai piirustus<\/h4>\n<h4>Toivomme, ett\u00e4 tutustutte suosituimpien tuotteidemme <a style=\"text-decoration: none; color: #b12548;\" href=\"\/?page_id=2426\">hinnastoon<\/a>.<\/h4>\n<p>[\/vc_column_text][vc_separator][\/vc_column][\/vc_row][vc_row][vc_column]\n<div class=\"wpcf7 no-js\" id=\"wpcf7-f2557-o1\" lang=\"en-US\" dir=\"ltr\" data-wpcf7-id=\"2557\">\n<div class=\"screen-reader-response\"><p role=\"status\" aria-live=\"polite\" aria-atomic=\"true\"><\/p> <ul><\/ul><\/div>\n<form action=\"\/fi\/wp-json\/wp\/v2\/pages\/2427#wpcf7-f2557-o1\" method=\"post\" class=\"wpcf7-form init\" aria-label=\"Contact form\" enctype=\"multipart\/form-data\" novalidate=\"novalidate\" data-status=\"init\">\n<fieldset class=\"hidden-fields-container\"><input type=\"hidden\" name=\"_wpcf7\" value=\"2557\" \/><input type=\"hidden\" name=\"_wpcf7_version\" value=\"6.1.5\" \/><input type=\"hidden\" name=\"_wpcf7_locale\" value=\"en_US\" \/><input type=\"hidden\" name=\"_wpcf7_unit_tag\" value=\"wpcf7-f2557-o1\" \/><input type=\"hidden\" name=\"_wpcf7_container_post\" value=\"0\" \/><input type=\"hidden\" name=\"_wpcf7_posted_data_hash\" value=\"\" \/>\n<\/fieldset>\n<div class=\"form_1_2\">\n\t<p><span class=\"wpcf7-form-control-wrap\" data-name=\"email-799\"><input size=\"40\" maxlength=\"400\" class=\"wpcf7-form-control wpcf7-email wpcf7-validates-as-required wpcf7-text wpcf7-validates-as-email\" aria-required=\"true\" aria-invalid=\"false\" placeholder=\"S\u00e4hk\u00f6posti*\" value=\"\" type=\"email\" name=\"email-799\" \/><\/span>\n\t<\/p>\n<\/div>\n<div class=\"form_1_2 last\">\n\t<p><span class=\"wpcf7-form-control-wrap\" data-name=\"text-862\"><input size=\"40\" maxlength=\"400\" class=\"wpcf7-form-control wpcf7-text wpcf7-validates-as-required\" aria-required=\"true\" aria-invalid=\"false\" placeholder=\"Nimi*\" value=\"\" type=\"text\" name=\"text-862\" \/><\/span>\n\t<\/p>\n<\/div>\n<div class=\"form_1_2\">\n\t<p><span class=\"wpcf7-form-control-wrap\" data-name=\"tel-796\"><input size=\"40\" maxlength=\"400\" class=\"wpcf7-form-control wpcf7-tel wpcf7-validates-as-required wpcf7-text wpcf7-validates-as-tel\" aria-required=\"true\" aria-invalid=\"false\" placeholder=\"Puhelin*\" value=\"\" type=\"tel\" name=\"tel-796\" \/><\/span>\n\t<\/p>\n<\/div>\n<div class=\"form_1_2 last\">\n\t<p><span class=\"wpcf7-form-control-wrap\" data-name=\"text-689\"><input size=\"40\" maxlength=\"400\" class=\"wpcf7-form-control wpcf7-text wpcf7-validates-as-required\" aria-required=\"true\" aria-invalid=\"false\" placeholder=\"Teema*\" value=\"\" type=\"text\" name=\"text-689\" \/><\/span>\n\t<\/p>\n<\/div>\n<div class=\"clear\">\n<\/div>\n<p><span class=\"wpcf7-form-control-wrap\" data-name=\"your-message\"><textarea cols=\"40\" rows=\"10\" maxlength=\"2000\" class=\"wpcf7-form-control wpcf7-textarea wpcf7-validates-as-required\" aria-required=\"true\" aria-invalid=\"false\" placeholder=\"Kuvaus*\" name=\"your-message\"><\/textarea><\/span><br \/>\n<label>Kuva<br \/>\n<\/label>\n<\/p>\n<div class=\"form_1_3\">\n\t<p><span class=\"wpcf7-form-control-wrap\" data-name=\"file-576\"><input size=\"40\" class=\"wpcf7-form-control wpcf7-file fail_up\" accept=\"audio\/*,video\/*,image\/*\" aria-invalid=\"false\" type=\"file\" name=\"file-576\" \/><\/span>\n\t<\/p>\n<\/div>\n<div class=\"form_1_3\">\n\t<p><span class=\"wpcf7-form-control-wrap\" data-name=\"file-241\"><input size=\"40\" class=\"wpcf7-form-control wpcf7-file file_up\" accept=\"audio\/*,video\/*,image\/*\" aria-invalid=\"false\" type=\"file\" name=\"file-241\" \/><\/span>\n\t<\/p>\n<\/div>\n<div class=\"form_1_3 last\">\n\t<p><span class=\"wpcf7-form-control-wrap\" data-name=\"file-240\"><input size=\"40\" class=\"wpcf7-form-control wpcf7-file file_up\" accept=\"audio\/*,video\/*,image\/*\" aria-invalid=\"false\" type=\"file\" name=\"file-240\" \/><\/span>\n\t<\/p>\n<\/div>\n<p><label><br \/>\n<input class=\"wpcf7-form-control wpcf7-submit has-spinner btn btn-regular btn-secondary\" type=\"submit\" value=\"L\u00e4hett\u00e4\u00e4\" \/><\/label>\n<\/p><div class=\"wpcf7-response-output\" aria-hidden=\"true\"><\/div>\n<\/form>\n<\/div>\n[\/vc_column][\/vc_row]<\/p>\n","protected":false},"excerpt":{"rendered":"<p>[vc_row][vc_column][vc_column_text] Plekimeister on p\u00e4tev\u00e4 kumppani my\u00f6s monimutkaisimmissa projekteissa. Autamme asiakkaitamme l\u00f6yt\u00e4m\u00e4\u00e4n juuri heid\u00e4n n\u00e4kemyksilleen sopivat ratkaisut, ja vuosien kuluessa olemmekin saavuttaneet &#8230;<\/p>\n","protected":false},"author":2,"featured_media":0,"parent":0,"menu_order":0,"comment_status":"closed","ping_status":"closed","template":"","meta":{"footnotes":""},"class_list":["post-2427","page","type-page","status-publish","hentry"],"_links":{"self":[{"href":"https:\/\/plekimeister.ee\/fi\/wp-json\/wp\/v2\/pages\/2427","targetHints":{"allow":["GET"]}}],"collection":[{"href":"https:\/\/plekimeister.ee\/fi\/wp-json\/wp\/v2\/pages"}],"about":[{"href":"https:\/\/plekimeister.ee\/fi\/wp-json\/wp\/v2\/types\/page"}],"author":[{"embeddable":true,"href":"https:\/\/plekimeister.ee\/fi\/wp-json\/wp\/v2\/users\/2"}],"replies":[{"embeddable":true,"href":"https:\/\/plekimeister.ee\/fi\/wp-json\/wp\/v2\/comments?post=2427"}],"version-history":[{"count":3,"href":"https:\/\/plekimeister.ee\/fi\/wp-json\/wp\/v2\/pages\/2427\/revisions"}],"predecessor-version":[{"id":2558,"href":"https:\/\/plekimeister.ee\/fi\/wp-json\/wp\/v2\/pages\/2427\/revisions\/2558"}],"wp:attachment":[{"href":"https:\/\/plekimeister.ee\/fi\/wp-json\/wp\/v2\/media?parent=2427"}],"curies":[{"name":"wp","href":"https:\/\/api.w.org\/{rel}","templated":true}]}}