{"id":2426,"date":"2015-06-17T16:34:02","date_gmt":"2015-06-17T14:34:02","guid":{"rendered":"https:\/\/plekimeister.ee\/hinnakiri\/"},"modified":"2018-03-20T13:52:52","modified_gmt":"2018-03-20T11:52:52","slug":"hinnasto","status":"publish","type":"page","link":"https:\/\/plekimeister.ee\/fi\/hinnasto\/","title":{"rendered":"Hinnasto"},"content":{"rendered":"<p>[vc_row padding_top=&#8221;0&#8243; padding_bottom=&#8221;0&#8243;][vc_column][vc_column_text]<\/p>\n<h2>Hinnasto<\/h2>\n<p>[\/vc_column_text][vc_column_text]Hintoihin lis\u00e4t\u00e4\u00e4n arvonlis\u00e4vero.<br \/>\nKartiomaisille profiileille hintalis\u00e4 +15 % \/ jm.<br \/>\nIkkunapellin p\u00e4\u00e4tyjen taivutus 0,20 EUR\/ jm.<\/p>\n<p><span style=\"color: #b12548;\">Huomautus: Profiilien valmistaminen asiakkaan materiaaleista 0,40\u20132,40 EUR \/ jm.<\/span><\/p>\n<p>[\/vc_column_text][vc_column_text el_class=&#8221;hinnakiri&#8221;]<\/p>\n<table style=\"height: 1629px;\" width=\"503\">\n<tbody>\n<tr class=\"pealkiri\">\n<td style=\"text-align: left;\">Tuotteen nimi<\/td>\n<td style=\"text-align: center;\">Yksikk\u00f6<\/td>\n<td style=\"text-align: center;\">Sinkki<\/td>\n<td style=\"text-align: center;\">Polyesteri<\/td>\n<td style=\"text-align: center;\">Pural<\/td>\n<\/tr>\n<tr class=\"pealkiri\">\n<td style=\"text-align: left;\">1. Kantikas sadevesij\u00e4rjestelm\u00e4<\/td>\n<td><\/td>\n<td>EUR<\/td>\n<td>EUR<\/td>\n<td>EUR<\/td>\n<\/tr>\n<tr class=\"sisu\">\n<td style=\"text-align: left;\">Kouru (profiili)<\/td>\n<td>JM<\/td>\n<td>3,50<\/td>\n<td><\/td>\n<td>4,40<\/td>\n<\/tr>\n<tr class=\"sisu\">\n<td style=\"text-align: left;\">Kourun p\u00e4\u00e4tykappale (oik.-vas.)<\/td>\n<td>kpl<\/td>\n<td>1,90<\/td>\n<td><\/td>\n<td>1,95<\/td>\n<\/tr>\n<tr class=\"sisu\">\n<td style=\"text-align: left;\">Kourun kulma<\/td>\n<td>kpl<\/td>\n<td>12,70<\/td>\n<td><\/td>\n<td>13,15<\/td>\n<\/tr>\n<tr class=\"sisu\">\n<td style=\"text-align: left;\">L\u00e4ht\u00f6kaulus<\/td>\n<td>kpl<\/td>\n<td>1,60<\/td>\n<td><\/td>\n<td>1,65<\/td>\n<\/tr>\n<tr class=\"sisu\">\n<td style=\"text-align: left;\">Kourun ulkopuolinen kiinnike<\/td>\n<td>kpl<\/td>\n<td>1,80<\/td>\n<td><\/td>\n<td>1,95<\/td>\n<\/tr>\n<tr class=\"sisu\">\n<td style=\"text-align: left;\">Kourun ulkopuolisen kiinnikkeen apukappale 45*, 30*<\/td>\n<td>kpl<\/td>\n<td>1,90<\/td>\n<td><\/td>\n<td><\/td>\n<\/tr>\n<tr class=\"sisu\">\n<td style=\"text-align: left;\">Kourun ulkopuolisen kiinnikkeen apukappale 90*<\/td>\n<td>kpl<\/td>\n<td>1,30<\/td>\n<td><\/td>\n<td><\/td>\n<\/tr>\n<tr class=\"sisu\">\n<td style=\"text-align: left;\">Sy\u00f6ksytorvi 85*85 mm ( L= 2500)<\/td>\n<td>JM<\/td>\n<td>\u00a04,65<\/td>\n<td><\/td>\n<td>6,25<\/td>\n<\/tr>\n<tr class=\"sisu\">\n<td style=\"text-align: left;\">Poistoputki (200*200)<\/td>\n<td>kpl<\/td>\n<td>4,75<\/td>\n<td><\/td>\n<td>5,65<\/td>\n<\/tr>\n<tr class=\"sisu\">\n<td style=\"text-align: left;\">Mutkakappale 45* ( L = 500 mm )<\/td>\n<td>kpl<\/td>\n<td>4,30<\/td>\n<td><\/td>\n<td>5,35<\/td>\n<\/tr>\n<tr class=\"sisu\">\n<td style=\"text-align: left;\">Mutkakappale 60* (L= 650 mm)<\/td>\n<td>kpl<\/td>\n<td>5,05<\/td>\n<td><\/td>\n<td>5,70<\/td>\n<\/tr>\n<tr class=\"sisu\">\n<td style=\"text-align: left;\">Suppilo sy\u00f6ksytorvelle 85*85 mm<\/td>\n<td>kpl<\/td>\n<td>11,80<\/td>\n<td><\/td>\n<td>15,10<\/td>\n<\/tr>\n<tr class=\"sisu\">\n<td style=\"text-align: left;\">Sy\u00f6ksytorven kiinnike<\/td>\n<td>kpl<\/td>\n<td>2,05<\/td>\n<td><\/td>\n<td>2,10<\/td>\n<\/tr>\n<tr class=\"pealkiri\">\n<td style=\"text-align: left;\">2. Lis\u00e4pellit tasakatoille<\/td>\n<td><\/td>\n<td>EUR<\/td>\n<td>EUR<\/td>\n<td>EUR<\/td>\n<\/tr>\n<tr class=\"sisu\">\n<td style=\"text-align: left;\">Reunapelti 180 mm<\/td>\n<td>JM<\/td>\n<td>3,00<\/td>\n<td>3,25<\/td>\n<td>3,65<\/td>\n<\/tr>\n<tr class=\"sisu\">\n<td style=\"text-align: left;\">Reunapelti 230 mm<\/td>\n<td>JM<\/td>\n<td>3,10<\/td>\n<td>3,45<\/td>\n<td>3,95<\/td>\n<\/tr>\n<tr class=\"sisu\">\n<td style=\"text-align: left;\">Reunapelti 280 mm<\/td>\n<td>JM<\/td>\n<td>3,80<\/td>\n<td>4,20<\/td>\n<td>4,85<\/td>\n<\/tr>\n<tr class=\"sisu\">\n<td style=\"text-align: left;\">Reunapelti kohotetulla reunalla 250 mm<\/td>\n<td>JM<\/td>\n<td>3,60<\/td>\n<td>4,00<\/td>\n<td>4,50<\/td>\n<\/tr>\n<tr class=\"sisu\">\n<td style=\"text-align: left;\">Sein\u00e4pelti 100 mm<\/td>\n<td>JM<\/td>\n<td>1,70<\/td>\n<td>1,80<\/td>\n<td>2,05<\/td>\n<\/tr>\n<tr class=\"sisu\">\n<td style=\"text-align: left;\">Sein\u00e4pelti 120 mm<\/td>\n<td>JM<\/td>\n<td>2,00<\/td>\n<td>2,20<\/td>\n<td>2,45<\/td>\n<\/tr>\n<tr class=\"sisu\">\n<td style=\"text-align: left;\">Parapetiplekk 400 mm<\/td>\n<td>JM<\/td>\n<td>5,05<\/td>\n<td>5,40<\/td>\n<td>6,20<\/td>\n<\/tr>\n<tr class=\"sisu\">\n<td style=\"text-align: left;\">Parapettipelti 500 mm<\/td>\n<td>JM<\/td>\n<td>5,90<\/td>\n<td>6,35<\/td>\n<td>7,35<\/td>\n<\/tr>\n<tr class=\"sisu\">\n<td style=\"text-align: left;\">Parapettipelti 600 mm<\/td>\n<td>JM<\/td>\n<td>6,70<\/td>\n<td>7,30<\/td>\n<td>8,50<\/td>\n<\/tr>\n<tr class=\"sisu\">\n<td style=\"text-align: left;\">Parapettipelti 700 mm<\/td>\n<td>JM<\/td>\n<td>7,55<\/td>\n<td>8,25<\/td>\n<td>9,65<\/td>\n<\/tr>\n<tr class=\"sisu\">\n<td style=\"text-align: left;\">Parapettipelti 800 mm<\/td>\n<td>JM<\/td>\n<td>8,40<\/td>\n<td>9,20<\/td>\n<td>10,80<\/td>\n<\/tr>\n<tr class=\"pealkiri\">\n<td style=\"text-align: left;\">3. Lis\u00e4pellit tiilikatoille<\/td>\n<td><\/td>\n<td>EUR<\/td>\n<td>EUR<\/td>\n<td>EUR<\/td>\n<\/tr>\n<tr class=\"sisu\">\n<td style=\"text-align: left;\">Jiiripelti 510 mm<\/td>\n<td>JM<\/td>\n<td>5,50<\/td>\n<td>6,25<\/td>\n<td>7,45<\/td>\n<\/tr>\n<tr class=\"sisu\">\n<td style=\"text-align: left;\">P\u00e4\u00e4tylista 300 mm<\/td>\n<td>JM<\/td>\n<td>3,95<\/td>\n<td>4,35<\/td>\n<td>5,00<\/td>\n<\/tr>\n<tr class=\"sisu\">\n<td style=\"text-align: left;\">Liitospelti 420 mm<\/td>\n<td>JM<\/td>\n<td>4,85<\/td>\n<td>5,50<\/td>\n<td>6,40<\/td>\n<\/tr>\n<tr class=\"sisu\">\n<td style=\"text-align: left;\">Tippapelti 210 mm<\/td>\n<td>JM<\/td>\n<td>2,60<\/td>\n<td>2,95<\/td>\n<td>3,40<\/td>\n<\/tr>\n<tr class=\"sisu\">\n<td style=\"text-align: left;\"><\/td>\n<td><\/td>\n<td><\/td>\n<td><\/td>\n<td><\/td>\n<\/tr>\n<tr class=\"pealkiri\">\n<td style=\"text-align: left;\">4. Lis\u00e4pellit peltiprofiileille ja muille katoille<\/td>\n<td><\/td>\n<td>EUR<\/td>\n<td>EUR<\/td>\n<td>EUR<\/td>\n<\/tr>\n<tr class=\"sisu\">\n<td style=\"text-align: left;\">Harjapelti 320 mm<\/td>\n<td>JM<\/td>\n<td>3,85<\/td>\n<td>4,30<\/td>\n<td>4,85<\/td>\n<\/tr>\n<tr class=\"sisu\">\n<td style=\"text-align: left;\">Harjapelti 420 mm<\/td>\n<td>JM<\/td>\n<td>4,75<\/td>\n<td>5,35<\/td>\n<td>6,15<\/td>\n<\/tr>\n<tr class=\"sisu\">\n<td style=\"text-align: left;\">Harjapelti S- Profiili 390 mm<\/td>\n<td>JM<\/td>\n<td>5,25<\/td>\n<td>5,80<\/td>\n<td>6,60<\/td>\n<\/tr>\n<tr class=\"sisu\">\n<td style=\"text-align: left;\">Harjapelti S- Progiili 490 mm<\/td>\n<td>JM<\/td>\n<td>6,15<\/td>\n<td>6,60<\/td>\n<td>7,60<\/td>\n<\/tr>\n<tr class=\"sisu\">\n<td style=\"text-align: left;\">P\u00e4\u00e4tylista 180 mm<\/td>\n<td>JM<\/td>\n<td>3,40<\/td>\n<td>3,65<\/td>\n<td>4,05<\/td>\n<\/tr>\n<tr class=\"sisu\">\n<td style=\"text-align: left;\">P\u00e4\u00e4tylista 250 mm<\/td>\n<td>JM<\/td>\n<td>3,85<\/td>\n<td>4,20<\/td>\n<td>4,70<\/td>\n<\/tr>\n<tr class=\"sisu\">\n<td style=\"text-align: left;\">R\u00e4yst\u00e4spelti 210 mm<\/td>\n<td>JM<\/td>\n<td>2,85<\/td>\n<td>3,15<\/td>\n<td>3,65<\/td>\n<\/tr>\n<tr class=\"sisu\">\n<td style=\"text-align: left;\">Jiiripelti 625 mm<\/td>\n<td>JM<\/td>\n<td>6,55<\/td>\n<td>7,50<\/td>\n<td>8,95<\/td>\n<\/tr>\n<tr class=\"sisu\">\n<td style=\"text-align: left;\">Jiirilista 320 mm<\/td>\n<td>JM<\/td>\n<td>4,30<\/td>\n<td>4,75<\/td>\n<td>5,40<\/td>\n<\/tr>\n<tr class=\"sisu\">\n<td style=\"text-align: left;\">Liitospelti 250 mm<\/td>\n<td>JM<\/td>\n<td>3,60<\/td>\n<td>4,00<\/td>\n<td>4,50<\/td>\n<\/tr>\n<tr class=\"sisu\">\n<td style=\"text-align: left;\">Lumiestelista 300 mm<\/td>\n<td>JM<\/td>\n<td>3,95<\/td>\n<td>4,35<\/td>\n<td>5,00<\/td>\n<\/tr>\n<tr class=\"pealkiri\">\n<td style=\"text-align: left;\">5. Muut lis\u00e4pellit<\/td>\n<td><\/td>\n<td>EUR<\/td>\n<td>EUR<\/td>\n<td>EUR<\/td>\n<\/tr>\n<tr class=\"sisu\">\n<td style=\"text-align: left;\">Kattoluukku (ovaalin muotoinen, pieni)<\/td>\n<td>kpl<\/td>\n<td>64,00<\/td>\n<td>68,00<\/td>\n<td>70,00<\/td>\n<\/tr>\n<tr class=\"sisu\">\n<td style=\"text-align: left;\">Kattoluukku (ovaalin muotoinen, iso)<\/td>\n<td>kpl<\/td>\n<td>82,00<\/td>\n<td>86,00<\/td>\n<td>88,00<\/td>\n<\/tr>\n<tr class=\"sisu\">\n<td style=\"text-align: left;\"><\/td>\n<td><\/td>\n<td><\/td>\n<td><\/td>\n<td><\/td>\n<\/tr>\n<tr class=\"sisu\">\n<td style=\"text-align: left;\">Savupiipun hattu 510 x 380 mm<\/td>\n<td>kpl<\/td>\n<td>25,30<\/td>\n<td>27,90<\/td>\n<td>28,80<\/td>\n<\/tr>\n<tr class=\"sisu\">\n<td style=\"text-align: left;\">Savupiipun hattu 510 x 900 mm<\/td>\n<td>kpl<\/td>\n<td>40,30<\/td>\n<td>\u00a042,10<\/td>\n<td>45,80<\/td>\n<\/tr>\n<tr class=\"sisu\">\n<td style=\"text-align: left;\">Savupiipun hattu 510 x 1420 mm<\/td>\n<td>kpl<\/td>\n<td>58,10<\/td>\n<td>60,70<\/td>\n<td>66,00<\/td>\n<\/tr>\n<tr class=\"sisu\">\n<td style=\"text-align: left;\">Ikkunapelti 200 mm<\/td>\n<td>JM<\/td>\n<td>2,70<\/td>\n<td>3,00<\/td>\n<td>3,45<\/td>\n<\/tr>\n<tr class=\"sisu\">\n<td style=\"text-align: left;\">Ikkunapelti 300 mm<\/td>\n<td>JM<\/td>\n<td>3,60<\/td>\n<td>4,05<\/td>\n<td>4,75<\/td>\n<\/tr>\n<tr class=\"sisu\">\n<td style=\"text-align: left;\">Sokkelilista 150 mm<\/td>\n<td>JM<\/td>\n<td>2,50<\/td>\n<td>2,75<\/td>\n<td>3,05<\/td>\n<\/tr>\n<tr class=\"sisu\">\n<td style=\"text-align: left;\">Spraymaali, RR-s\u00e4vyt<\/td>\n<td>kpl<\/td>\n<td><\/td>\n<td>7,20<\/td>\n<td>7,20<\/td>\n<\/tr>\n<\/tbody>\n<\/table>\n<p>[\/vc_column_text][\/vc_column][\/vc_row]<\/p>\n","protected":false},"excerpt":{"rendered":"<p>[vc_row padding_top=&#8221;0&#8243; padding_bottom=&#8221;0&#8243;][vc_column][vc_column_text] Hinnasto [\/vc_column_text][vc_column_text]Hintoihin lis\u00e4t\u00e4\u00e4n arvonlis\u00e4vero. Kartiomaisille profiileille hintalis\u00e4 +15 % \/ jm. Ikkunapellin p\u00e4\u00e4tyjen taivutus 0,20 EUR\/ jm. Huomautus: &#8230;<\/p>\n","protected":false},"author":2,"featured_media":0,"parent":0,"menu_order":0,"comment_status":"closed","ping_status":"closed","template":"","meta":{"footnotes":""},"class_list":["post-2426","page","type-page","status-publish","hentry"],"yoast_head":"<!-- This site is optimized with the Yoast SEO plugin v27.3 - https:\/\/yoast.com\/product\/yoast-seo-wordpress\/ -->\n<title>Hinnasto - Plekimeister 5+<\/title>\n<meta name=\"robots\" content=\"index, follow, max-snippet:-1, max-image-preview:large, max-video-preview:-1\" \/>\n<link rel=\"canonical\" href=\"https:\/\/plekimeister.ee\/fi\/hinnasto\/\" \/>\n<meta property=\"og:locale\" content=\"fi_FI\" \/>\n<meta property=\"og:type\" content=\"article\" \/>\n<meta property=\"og:title\" content=\"Hinnasto - Plekimeister 5+\" \/>\n<meta property=\"og:description\" content=\"[vc_row padding_top=&#8221;0&#8243; padding_bottom=&#8221;0&#8243;][vc_column][vc_column_text] Hinnasto [\/vc_column_text][vc_column_text]Hintoihin lis\u00e4t\u00e4\u00e4n arvonlis\u00e4vero. Kartiomaisille profiileille hintalis\u00e4 +15 % \/ jm. Ikkunapellin p\u00e4\u00e4tyjen taivutus 0,20 EUR\/ jm. Huomautus: ...\" \/>\n<meta property=\"og:url\" content=\"https:\/\/plekimeister.ee\/fi\/hinnasto\/\" \/>\n<meta property=\"og:site_name\" content=\"Plekimeister 5+\" \/>\n<meta property=\"article:publisher\" content=\"https:\/\/www.facebook.com\/share\/1C3cXD9FVu\/?mibextid=wwXIfr\" \/>\n<meta property=\"article:modified_time\" content=\"2018-03-20T11:52:52+00:00\" \/>\n<meta property=\"og:image\" content=\"https:\/\/plekimeister.ee\/wp-content\/uploads\/2015\/06\/Plekimeister_2.jpg\" \/>\n\t<meta property=\"og:image:width\" content=\"2800\" \/>\n\t<meta property=\"og:image:height\" content=\"1632\" \/>\n\t<meta property=\"og:image:type\" content=\"image\/jpeg\" \/>\n<meta name=\"twitter:card\" content=\"summary_large_image\" \/>\n<meta name=\"twitter:label1\" content=\"Arvioitu lukuaika\" \/>\n\t<meta name=\"twitter:data1\" content=\"1 minuutti\" \/>\n<script type=\"application\/ld+json\" class=\"yoast-schema-graph\">{\"@context\":\"https:\\\/\\\/schema.org\",\"@graph\":[{\"@type\":\"WebPage\",\"@id\":\"https:\\\/\\\/plekimeister.ee\\\/fi\\\/hinnasto\\\/\",\"url\":\"https:\\\/\\\/plekimeister.ee\\\/fi\\\/hinnasto\\\/\",\"name\":\"Hinnasto - Plekimeister 5+\",\"isPartOf\":{\"@id\":\"https:\\\/\\\/plekimeister.ee\\\/#website\"},\"datePublished\":\"2015-06-17T14:34:02+00:00\",\"dateModified\":\"2018-03-20T11:52:52+00:00\",\"breadcrumb\":{\"@id\":\"https:\\\/\\\/plekimeister.ee\\\/fi\\\/hinnasto\\\/#breadcrumb\"},\"inLanguage\":\"fi\",\"potentialAction\":[{\"@type\":\"ReadAction\",\"target\":[\"https:\\\/\\\/plekimeister.ee\\\/fi\\\/hinnasto\\\/\"]}]},{\"@type\":\"BreadcrumbList\",\"@id\":\"https:\\\/\\\/plekimeister.ee\\\/fi\\\/hinnasto\\\/#breadcrumb\",\"itemListElement\":[{\"@type\":\"ListItem\",\"position\":1,\"name\":\"Avaleht\",\"item\":\"https:\\\/\\\/plekimeister.ee\\\/fi\\\/\"},{\"@type\":\"ListItem\",\"position\":2,\"name\":\"Hinnasto\"}]},{\"@type\":\"WebSite\",\"@id\":\"https:\\\/\\\/plekimeister.ee\\\/#website\",\"url\":\"https:\\\/\\\/plekimeister.ee\\\/\",\"name\":\"Plekimeister 5+ O\u00dc\",\"description\":\"Plekimeister 5+ O\u00dc\",\"publisher\":{\"@id\":\"https:\\\/\\\/plekimeister.ee\\\/#organization\"},\"alternateName\":\"Plekimeister\",\"potentialAction\":[{\"@type\":\"SearchAction\",\"target\":{\"@type\":\"EntryPoint\",\"urlTemplate\":\"https:\\\/\\\/plekimeister.ee\\\/?s={search_term_string}\"},\"query-input\":{\"@type\":\"PropertyValueSpecification\",\"valueRequired\":true,\"valueName\":\"search_term_string\"}}],\"inLanguage\":\"fi\"},{\"@type\":\"Organization\",\"@id\":\"https:\\\/\\\/plekimeister.ee\\\/#organization\",\"name\":\"Plekimeister 5+ O\u00dc\",\"alternateName\":\"Plekimeister 5+\",\"url\":\"https:\\\/\\\/plekimeister.ee\\\/\",\"logo\":{\"@type\":\"ImageObject\",\"inLanguage\":\"fi\",\"@id\":\"https:\\\/\\\/plekimeister.ee\\\/#\\\/schema\\\/logo\\\/image\\\/\",\"url\":\"https:\\\/\\\/plekimeister.ee\\\/wp-content\\\/uploads\\\/2015\\\/06\\\/LOGO-01.png\",\"contentUrl\":\"https:\\\/\\\/plekimeister.ee\\\/wp-content\\\/uploads\\\/2015\\\/06\\\/LOGO-01.png\",\"width\":833,\"height\":330,\"caption\":\"Plekimeister 5+ O\u00dc\"},\"image\":{\"@id\":\"https:\\\/\\\/plekimeister.ee\\\/#\\\/schema\\\/logo\\\/image\\\/\"},\"sameAs\":[\"https:\\\/\\\/www.facebook.com\\\/share\\\/1C3cXD9FVu\\\/?mibextid=wwXIfr\",\"https:\\\/\\\/ee.linkedin.com\\\/company\\\/plekimeister\"]}]}<\/script>\n<!-- \/ Yoast SEO plugin. -->","yoast_head_json":{"title":"Hinnasto - Plekimeister 5+","robots":{"index":"index","follow":"follow","max-snippet":"max-snippet:-1","max-image-preview":"max-image-preview:large","max-video-preview":"max-video-preview:-1"},"canonical":"https:\/\/plekimeister.ee\/fi\/hinnasto\/","og_locale":"fi_FI","og_type":"article","og_title":"Hinnasto - Plekimeister 5+","og_description":"[vc_row padding_top=&#8221;0&#8243; padding_bottom=&#8221;0&#8243;][vc_column][vc_column_text] Hinnasto [\/vc_column_text][vc_column_text]Hintoihin lis\u00e4t\u00e4\u00e4n arvonlis\u00e4vero. Kartiomaisille profiileille hintalis\u00e4 +15 % \/ jm. Ikkunapellin p\u00e4\u00e4tyjen taivutus 0,20 EUR\/ jm. Huomautus: ...","og_url":"https:\/\/plekimeister.ee\/fi\/hinnasto\/","og_site_name":"Plekimeister 5+","article_publisher":"https:\/\/www.facebook.com\/share\/1C3cXD9FVu\/?mibextid=wwXIfr","article_modified_time":"2018-03-20T11:52:52+00:00","og_image":[{"width":2800,"height":1632,"url":"https:\/\/plekimeister.ee\/wp-content\/uploads\/2015\/06\/Plekimeister_2.jpg","type":"image\/jpeg"}],"twitter_card":"summary_large_image","twitter_misc":{"Arvioitu lukuaika":"1 minuutti"},"schema":{"@context":"https:\/\/schema.org","@graph":[{"@type":"WebPage","@id":"https:\/\/plekimeister.ee\/fi\/hinnasto\/","url":"https:\/\/plekimeister.ee\/fi\/hinnasto\/","name":"Hinnasto - Plekimeister 5+","isPartOf":{"@id":"https:\/\/plekimeister.ee\/#website"},"datePublished":"2015-06-17T14:34:02+00:00","dateModified":"2018-03-20T11:52:52+00:00","breadcrumb":{"@id":"https:\/\/plekimeister.ee\/fi\/hinnasto\/#breadcrumb"},"inLanguage":"fi","potentialAction":[{"@type":"ReadAction","target":["https:\/\/plekimeister.ee\/fi\/hinnasto\/"]}]},{"@type":"BreadcrumbList","@id":"https:\/\/plekimeister.ee\/fi\/hinnasto\/#breadcrumb","itemListElement":[{"@type":"ListItem","position":1,"name":"Avaleht","item":"https:\/\/plekimeister.ee\/fi\/"},{"@type":"ListItem","position":2,"name":"Hinnasto"}]},{"@type":"WebSite","@id":"https:\/\/plekimeister.ee\/#website","url":"https:\/\/plekimeister.ee\/","name":"Plekimeister 5+ O\u00dc","description":"Plekimeister 5+ O\u00dc","publisher":{"@id":"https:\/\/plekimeister.ee\/#organization"},"alternateName":"Plekimeister","potentialAction":[{"@type":"SearchAction","target":{"@type":"EntryPoint","urlTemplate":"https:\/\/plekimeister.ee\/?s={search_term_string}"},"query-input":{"@type":"PropertyValueSpecification","valueRequired":true,"valueName":"search_term_string"}}],"inLanguage":"fi"},{"@type":"Organization","@id":"https:\/\/plekimeister.ee\/#organization","name":"Plekimeister 5+ O\u00dc","alternateName":"Plekimeister 5+","url":"https:\/\/plekimeister.ee\/","logo":{"@type":"ImageObject","inLanguage":"fi","@id":"https:\/\/plekimeister.ee\/#\/schema\/logo\/image\/","url":"https:\/\/plekimeister.ee\/wp-content\/uploads\/2015\/06\/LOGO-01.png","contentUrl":"https:\/\/plekimeister.ee\/wp-content\/uploads\/2015\/06\/LOGO-01.png","width":833,"height":330,"caption":"Plekimeister 5+ O\u00dc"},"image":{"@id":"https:\/\/plekimeister.ee\/#\/schema\/logo\/image\/"},"sameAs":["https:\/\/www.facebook.com\/share\/1C3cXD9FVu\/?mibextid=wwXIfr","https:\/\/ee.linkedin.com\/company\/plekimeister"]}]}},"_links":{"self":[{"href":"https:\/\/plekimeister.ee\/fi\/wp-json\/wp\/v2\/pages\/2426","targetHints":{"allow":["GET"]}}],"collection":[{"href":"https:\/\/plekimeister.ee\/fi\/wp-json\/wp\/v2\/pages"}],"about":[{"href":"https:\/\/plekimeister.ee\/fi\/wp-json\/wp\/v2\/types\/page"}],"author":[{"embeddable":true,"href":"https:\/\/plekimeister.ee\/fi\/wp-json\/wp\/v2\/users\/2"}],"replies":[{"embeddable":true,"href":"https:\/\/plekimeister.ee\/fi\/wp-json\/wp\/v2\/comments?post=2426"}],"version-history":[{"count":4,"href":"https:\/\/plekimeister.ee\/fi\/wp-json\/wp\/v2\/pages\/2426\/revisions"}],"predecessor-version":[{"id":2479,"href":"https:\/\/plekimeister.ee\/fi\/wp-json\/wp\/v2\/pages\/2426\/revisions\/2479"}],"wp:attachment":[{"href":"https:\/\/plekimeister.ee\/fi\/wp-json\/wp\/v2\/media?parent=2426"}],"curies":[{"name":"wp","href":"https:\/\/api.w.org\/{rel}","templated":true}]}}