{"id":2425,"date":"2018-02-12T13:46:19","date_gmt":"2018-02-12T11:46:19","guid":{"rendered":"https:\/\/plekimeister.ee\/vihmaveesusteemid\/"},"modified":"2018-03-23T10:36:38","modified_gmt":"2018-03-23T08:36:38","slug":"vihmaveesusteemid","status":"publish","type":"page","link":"https:\/\/plekimeister.ee\/fi\/vihmaveesusteemid\/","title":{"rendered":"Sadevesisysteemit"},"content":{"rendered":"<p>[vc_row][vc_column][vc_custom_heading text=&#8221;Sadevesisysteemit&#8221; font_container=&#8221;tag:h3|text_align:left&#8221; use_theme_fonts=&#8221;yes&#8221;][vc_column_text]Yksik\u00e4\u00e4n katto ei ole t\u00e4ydellinen, jos siit\u00e4 puuttuu asiaatuntevasti asennettu ja kunnon sadevesisysteemi  jonka avulla johdetaan maahan katolta valuva vesi. Sadevesisysteemimme  ker\u00e4\u00e4v\u00e4t vedet talonne katolta ja takaavat, ett\u00e4 vesi ei p\u00e4\u00e4se rikkomaan talon rakenteit\u00e4. Sadevesisysteemin perusosat ovat kourut ja sy\u00f6ksytorvet. Tuottamamme sadevesisysteemej\u00e4 on helppo asentaa ja huoltaa.<\/p>\n<p>Korkealaatuiset materiaalit takaavat sadevesisysteemin tarkan ja nopean asentamisen sek\u00e4 takaavat my\u00f6s sen maksimi k\u00e4ytt\u00f6i\u00e4n.<br \/>\nToimiva sadevesisysteemi auttaa takaamaan talon  pitemm\u00e4n k\u00e4ytt\u00f6i\u00e4n, suojaa julkisivua , sokkelia ja perustuksia liikakosteudelta, samalla ehk\u00e4isten sadevesist\u00e4 syntyv\u00e4t ojat.[\/vc_column_text][vc_separator][\/vc_column][\/vc_row][vc_row class=&#8221;vihmaveepildid&#8221;][vc_column][vc_row_inner][vc_column_inner width=&#8221;1\/4&#8243; css=&#8221;.vc_custom_1518440946603{padding-right: 0px !important;padding-left: 0px !important;}&#8221;][vc_single_image image=&#8221;1911&#8243; img_size=&#8221;full&#8221; add_caption=&#8221;yes&#8221; alignment=&#8221;center&#8221; onclick=&#8221;link_image&#8221; css=&#8221;.vc_custom_1518441072251{padding-right: 0px !important;padding-left: 0px !important;}&#8221;][\/vc_column_inner][vc_column_inner width=&#8221;1\/4&#8243;][vc_single_image image=&#8221;1910&#8243; img_size=&#8221;full&#8221; onclick=&#8221;link_image&#8221;][\/vc_column_inner][vc_column_inner width=&#8221;1\/4&#8243;][vc_single_image image=&#8221;1912&#8243; img_size=&#8221;full&#8221; onclick=&#8221;link_image&#8221;][\/vc_column_inner][vc_column_inner width=&#8221;1\/4&#8243;][vc_single_image image=&#8221;1901&#8243; img_size=&#8221;full&#8221; onclick=&#8221;link_image&#8221;][\/vc_column_inner][\/vc_row_inner][\/vc_column][\/vc_row]<\/p>\n","protected":false},"excerpt":{"rendered":"<p>[vc_row][vc_column][vc_custom_heading text=&#8221;Sadevesisysteemit&#8221; font_container=&#8221;tag:h3|text_align:left&#8221; use_theme_fonts=&#8221;yes&#8221;][vc_column_text]Yksik\u00e4\u00e4n katto ei ole t\u00e4ydellinen, jos siit\u00e4 puuttuu asiaatuntevasti asennettu ja kunnon sadevesisysteemi jonka avulla johdetaan maahan katolta &#8230;<\/p>\n","protected":false},"author":2,"featured_media":0,"parent":0,"menu_order":0,"comment_status":"closed","ping_status":"closed","template":"","meta":{"footnotes":""},"class_list":["post-2425","page","type-page","status-publish","hentry"],"yoast_head":"<!-- This site is optimized with the Yoast SEO plugin v27.3 - https:\/\/yoast.com\/product\/yoast-seo-wordpress\/ -->\n<title>Sadevesisysteemit - Plekimeister 5+<\/title>\n<meta name=\"robots\" content=\"index, follow, max-snippet:-1, max-image-preview:large, max-video-preview:-1\" \/>\n<link rel=\"canonical\" href=\"https:\/\/plekimeister.ee\/fi\/vihmaveesusteemid\/\" \/>\n<meta property=\"og:locale\" content=\"fi_FI\" \/>\n<meta property=\"og:type\" content=\"article\" \/>\n<meta property=\"og:title\" content=\"Sadevesisysteemit - Plekimeister 5+\" \/>\n<meta property=\"og:description\" content=\"[vc_row][vc_column][vc_custom_heading text=&#8221;Sadevesisysteemit&#8221; font_container=&#8221;tag:h3|text_align:left&#8221; use_theme_fonts=&#8221;yes&#8221;][vc_column_text]Yksik\u00e4\u00e4n katto ei ole t\u00e4ydellinen, jos siit\u00e4 puuttuu asiaatuntevasti asennettu ja kunnon sadevesisysteemi jonka avulla johdetaan maahan katolta ...\" \/>\n<meta property=\"og:url\" content=\"https:\/\/plekimeister.ee\/fi\/vihmaveesusteemid\/\" \/>\n<meta property=\"og:site_name\" content=\"Plekimeister 5+\" \/>\n<meta property=\"article:publisher\" content=\"https:\/\/www.facebook.com\/share\/1C3cXD9FVu\/?mibextid=wwXIfr\" \/>\n<meta property=\"article:modified_time\" content=\"2018-03-23T08:36:38+00:00\" \/>\n<meta property=\"og:image\" content=\"https:\/\/plekimeister.ee\/wp-content\/uploads\/2015\/06\/Plekimeister_2.jpg\" \/>\n\t<meta property=\"og:image:width\" content=\"2800\" \/>\n\t<meta property=\"og:image:height\" content=\"1632\" \/>\n\t<meta property=\"og:image:type\" content=\"image\/jpeg\" \/>\n<meta name=\"twitter:card\" content=\"summary_large_image\" \/>\n<meta name=\"twitter:label1\" content=\"Arvioitu lukuaika\" \/>\n\t<meta name=\"twitter:data1\" content=\"1 minuutti\" \/>\n<script type=\"application\/ld+json\" class=\"yoast-schema-graph\">{\"@context\":\"https:\\\/\\\/schema.org\",\"@graph\":[{\"@type\":\"WebPage\",\"@id\":\"https:\\\/\\\/plekimeister.ee\\\/fi\\\/vihmaveesusteemid\\\/\",\"url\":\"https:\\\/\\\/plekimeister.ee\\\/fi\\\/vihmaveesusteemid\\\/\",\"name\":\"Sadevesisysteemit - Plekimeister 5+\",\"isPartOf\":{\"@id\":\"https:\\\/\\\/plekimeister.ee\\\/#website\"},\"datePublished\":\"2018-02-12T11:46:19+00:00\",\"dateModified\":\"2018-03-23T08:36:38+00:00\",\"breadcrumb\":{\"@id\":\"https:\\\/\\\/plekimeister.ee\\\/fi\\\/vihmaveesusteemid\\\/#breadcrumb\"},\"inLanguage\":\"fi\",\"potentialAction\":[{\"@type\":\"ReadAction\",\"target\":[\"https:\\\/\\\/plekimeister.ee\\\/fi\\\/vihmaveesusteemid\\\/\"]}]},{\"@type\":\"BreadcrumbList\",\"@id\":\"https:\\\/\\\/plekimeister.ee\\\/fi\\\/vihmaveesusteemid\\\/#breadcrumb\",\"itemListElement\":[{\"@type\":\"ListItem\",\"position\":1,\"name\":\"Avaleht\",\"item\":\"https:\\\/\\\/plekimeister.ee\\\/fi\\\/\"},{\"@type\":\"ListItem\",\"position\":2,\"name\":\"Sadevesisysteemit\"}]},{\"@type\":\"WebSite\",\"@id\":\"https:\\\/\\\/plekimeister.ee\\\/#website\",\"url\":\"https:\\\/\\\/plekimeister.ee\\\/\",\"name\":\"Plekimeister 5+ O\u00dc\",\"description\":\"Plekimeister 5+ O\u00dc\",\"publisher\":{\"@id\":\"https:\\\/\\\/plekimeister.ee\\\/#organization\"},\"alternateName\":\"Plekimeister\",\"potentialAction\":[{\"@type\":\"SearchAction\",\"target\":{\"@type\":\"EntryPoint\",\"urlTemplate\":\"https:\\\/\\\/plekimeister.ee\\\/?s={search_term_string}\"},\"query-input\":{\"@type\":\"PropertyValueSpecification\",\"valueRequired\":true,\"valueName\":\"search_term_string\"}}],\"inLanguage\":\"fi\"},{\"@type\":\"Organization\",\"@id\":\"https:\\\/\\\/plekimeister.ee\\\/#organization\",\"name\":\"Plekimeister 5+ O\u00dc\",\"alternateName\":\"Plekimeister 5+\",\"url\":\"https:\\\/\\\/plekimeister.ee\\\/\",\"logo\":{\"@type\":\"ImageObject\",\"inLanguage\":\"fi\",\"@id\":\"https:\\\/\\\/plekimeister.ee\\\/#\\\/schema\\\/logo\\\/image\\\/\",\"url\":\"https:\\\/\\\/plekimeister.ee\\\/wp-content\\\/uploads\\\/2015\\\/06\\\/LOGO-01.png\",\"contentUrl\":\"https:\\\/\\\/plekimeister.ee\\\/wp-content\\\/uploads\\\/2015\\\/06\\\/LOGO-01.png\",\"width\":833,\"height\":330,\"caption\":\"Plekimeister 5+ O\u00dc\"},\"image\":{\"@id\":\"https:\\\/\\\/plekimeister.ee\\\/#\\\/schema\\\/logo\\\/image\\\/\"},\"sameAs\":[\"https:\\\/\\\/www.facebook.com\\\/share\\\/1C3cXD9FVu\\\/?mibextid=wwXIfr\",\"https:\\\/\\\/ee.linkedin.com\\\/company\\\/plekimeister\"]}]}<\/script>\n<!-- \/ Yoast SEO plugin. -->","yoast_head_json":{"title":"Sadevesisysteemit - Plekimeister 5+","robots":{"index":"index","follow":"follow","max-snippet":"max-snippet:-1","max-image-preview":"max-image-preview:large","max-video-preview":"max-video-preview:-1"},"canonical":"https:\/\/plekimeister.ee\/fi\/vihmaveesusteemid\/","og_locale":"fi_FI","og_type":"article","og_title":"Sadevesisysteemit - Plekimeister 5+","og_description":"[vc_row][vc_column][vc_custom_heading text=&#8221;Sadevesisysteemit&#8221; font_container=&#8221;tag:h3|text_align:left&#8221; use_theme_fonts=&#8221;yes&#8221;][vc_column_text]Yksik\u00e4\u00e4n katto ei ole t\u00e4ydellinen, jos siit\u00e4 puuttuu asiaatuntevasti asennettu ja kunnon sadevesisysteemi jonka avulla johdetaan maahan katolta ...","og_url":"https:\/\/plekimeister.ee\/fi\/vihmaveesusteemid\/","og_site_name":"Plekimeister 5+","article_publisher":"https:\/\/www.facebook.com\/share\/1C3cXD9FVu\/?mibextid=wwXIfr","article_modified_time":"2018-03-23T08:36:38+00:00","og_image":[{"width":2800,"height":1632,"url":"https:\/\/plekimeister.ee\/wp-content\/uploads\/2015\/06\/Plekimeister_2.jpg","type":"image\/jpeg"}],"twitter_card":"summary_large_image","twitter_misc":{"Arvioitu lukuaika":"1 minuutti"},"schema":{"@context":"https:\/\/schema.org","@graph":[{"@type":"WebPage","@id":"https:\/\/plekimeister.ee\/fi\/vihmaveesusteemid\/","url":"https:\/\/plekimeister.ee\/fi\/vihmaveesusteemid\/","name":"Sadevesisysteemit - Plekimeister 5+","isPartOf":{"@id":"https:\/\/plekimeister.ee\/#website"},"datePublished":"2018-02-12T11:46:19+00:00","dateModified":"2018-03-23T08:36:38+00:00","breadcrumb":{"@id":"https:\/\/plekimeister.ee\/fi\/vihmaveesusteemid\/#breadcrumb"},"inLanguage":"fi","potentialAction":[{"@type":"ReadAction","target":["https:\/\/plekimeister.ee\/fi\/vihmaveesusteemid\/"]}]},{"@type":"BreadcrumbList","@id":"https:\/\/plekimeister.ee\/fi\/vihmaveesusteemid\/#breadcrumb","itemListElement":[{"@type":"ListItem","position":1,"name":"Avaleht","item":"https:\/\/plekimeister.ee\/fi\/"},{"@type":"ListItem","position":2,"name":"Sadevesisysteemit"}]},{"@type":"WebSite","@id":"https:\/\/plekimeister.ee\/#website","url":"https:\/\/plekimeister.ee\/","name":"Plekimeister 5+ O\u00dc","description":"Plekimeister 5+ O\u00dc","publisher":{"@id":"https:\/\/plekimeister.ee\/#organization"},"alternateName":"Plekimeister","potentialAction":[{"@type":"SearchAction","target":{"@type":"EntryPoint","urlTemplate":"https:\/\/plekimeister.ee\/?s={search_term_string}"},"query-input":{"@type":"PropertyValueSpecification","valueRequired":true,"valueName":"search_term_string"}}],"inLanguage":"fi"},{"@type":"Organization","@id":"https:\/\/plekimeister.ee\/#organization","name":"Plekimeister 5+ O\u00dc","alternateName":"Plekimeister 5+","url":"https:\/\/plekimeister.ee\/","logo":{"@type":"ImageObject","inLanguage":"fi","@id":"https:\/\/plekimeister.ee\/#\/schema\/logo\/image\/","url":"https:\/\/plekimeister.ee\/wp-content\/uploads\/2015\/06\/LOGO-01.png","contentUrl":"https:\/\/plekimeister.ee\/wp-content\/uploads\/2015\/06\/LOGO-01.png","width":833,"height":330,"caption":"Plekimeister 5+ O\u00dc"},"image":{"@id":"https:\/\/plekimeister.ee\/#\/schema\/logo\/image\/"},"sameAs":["https:\/\/www.facebook.com\/share\/1C3cXD9FVu\/?mibextid=wwXIfr","https:\/\/ee.linkedin.com\/company\/plekimeister"]}]}},"_links":{"self":[{"href":"https:\/\/plekimeister.ee\/fi\/wp-json\/wp\/v2\/pages\/2425","targetHints":{"allow":["GET"]}}],"collection":[{"href":"https:\/\/plekimeister.ee\/fi\/wp-json\/wp\/v2\/pages"}],"about":[{"href":"https:\/\/plekimeister.ee\/fi\/wp-json\/wp\/v2\/types\/page"}],"author":[{"embeddable":true,"href":"https:\/\/plekimeister.ee\/fi\/wp-json\/wp\/v2\/users\/2"}],"replies":[{"embeddable":true,"href":"https:\/\/plekimeister.ee\/fi\/wp-json\/wp\/v2\/comments?post=2425"}],"version-history":[{"count":1,"href":"https:\/\/plekimeister.ee\/fi\/wp-json\/wp\/v2\/pages\/2425\/revisions"}],"predecessor-version":[{"id":2577,"href":"https:\/\/plekimeister.ee\/fi\/wp-json\/wp\/v2\/pages\/2425\/revisions\/2577"}],"wp:attachment":[{"href":"https:\/\/plekimeister.ee\/fi\/wp-json\/wp\/v2\/media?parent=2425"}],"curies":[{"name":"wp","href":"https:\/\/api.w.org\/{rel}","templated":true}]}}