{"id":2422,"date":"2018-02-09T14:49:53","date_gmt":"2018-02-09T12:49:53","guid":{"rendered":"https:\/\/plekimeister.ee\/fassaadiplekid\/"},"modified":"2018-03-23T10:58:00","modified_gmt":"2018-03-23T08:58:00","slug":"julkisivupellit","status":"publish","type":"page","link":"https:\/\/plekimeister.ee\/fi\/julkisivupellit\/","title":{"rendered":"Julkisivupellit"},"content":{"rendered":"<p>[vc_row class=&#8221;tootedleht&#8221;][vc_column][vc_column_text]<\/p>\n<h4>Olemme laatineet luettelon suosituimmista profiileista asiakkaitamme varten. Jos tarvitsette tilausty\u00f6t\u00e4, ottakaa meihin yhteytt\u00e4 ja l\u00e4hett\u00e4k\u00e4\u00e4 meille selostus tai piirustukset ideastanne. Ota meihin yhteytt\u00e4 Pyyd\u00e4 tarjous -sivulta.<\/h4>\n<p>[\/vc_column_text][vc_separator][\/vc_column][\/vc_row][vc_row][vc_column]\n\t<div class=\"child-page-wrapper Tooteprofiilid\">\n\t\t<div class=\"grid-wrapper grid-4-columns grid-row \">\n\t\t\t<div class=\"grid-item grid-sm-6 grid-md-3\">\n\t\t\t\t<div class=\"grid-thumbnail\">\n\t\t\t\t\t<a href=\"https:\/\/plekimeister.ee\/fi\/julkisivupellit\/hattuprofiili\/\" title=\"Hattuprofiili\"><img loading=\"lazy\" decoding=\"async\" width=\"243\" height=\"181\" src=\"https:\/\/plekimeister.ee\/wp-content\/uploads\/2015\/08\/K\u00fcbarprofiil.png\" class=\"attachment-medium-thumb size-medium-thumb wp-post-image\" alt=\"\" \/><\/a>\n\t\t\t\t<\/div>\n\t\t\t\t<h3 class=\"grid-title\"><a href=\"https:\/\/plekimeister.ee\/fi\/julkisivupellit\/hattuprofiili\/\" rel=\"bookmark\">Hattuprofiili<\/a><\/h3>\n\n\t\t\t\t<p>[vc_row padding_top=&#8221;0&#8243; padding_bottom=&#8221;0&#8243;][vc_column css=&#8221;.vc_custom_1432908147274{background-position: center !important;background-repeat: no-repeat !important;background-size: contain !important;}&#8221;][vc_column_text] Hattuprofiili [\/vc_column_text][vc_single_image image=&#8221;1987&#8243; img_size=&#8221;large&#8221;][\/vc_column][\/vc_row][vc_row][vc_column][vc_column_text] V\u00e4rivalikko [\/vc_column_text][vc_column_text el_class=&#8221;product_color&#8221;] RR 20 RR 21 ...<\/p>\n\n\t\t\t\t<a class=\"grid-more\" href=\"https:\/\/plekimeister.ee\/fi\/julkisivupellit\/hattuprofiili\/\" title=\"Hattuprofiili\">Tutustu tarkemmin<\/a>\n\n\t\t\t<\/div>\n\t\t\t\n\t\t\t<div class=\"grid-item grid-sm-6 grid-md-3\">\n\t\t\t\t<div class=\"grid-thumbnail\">\n\t\t\t\t\t<a href=\"https:\/\/plekimeister.ee\/fi\/julkisivupellit\/ikkunapelti\/\" title=\"Ikkunapelti\"><img loading=\"lazy\" decoding=\"async\" width=\"232\" height=\"167\" src=\"https:\/\/plekimeister.ee\/wp-content\/uploads\/2015\/08\/Aknaplekk.png\" class=\"attachment-medium-thumb size-medium-thumb wp-post-image\" alt=\"\" \/><\/a>\n\t\t\t\t<\/div>\n\t\t\t\t<h3 class=\"grid-title\"><a href=\"https:\/\/plekimeister.ee\/fi\/julkisivupellit\/ikkunapelti\/\" rel=\"bookmark\">Ikkunapelti<\/a><\/h3>\n\n\t\t\t\t<p>[vc_row padding_top=&#8221;0&#8243; padding_bottom=&#8221;0&#8243;][vc_column css=&#8221;.vc_custom_1432908147274{background-position: center !important;background-repeat: no-repeat !important;background-size: contain !important;}&#8221;][vc_column_text] Ikkunapelti [\/vc_column_text][vc_single_image image=&#8221;1983&#8243; img_size=&#8221;large&#8221;][\/vc_column][\/vc_row][vc_row][vc_column][vc_column_text] V\u00e4rivalikko [\/vc_column_text][vc_column_text el_class=&#8221;product_color&#8221;] RR 20 RR 21 ...<\/p>\n\n\t\t\t\t<a class=\"grid-more\" href=\"https:\/\/plekimeister.ee\/fi\/julkisivupellit\/ikkunapelti\/\" title=\"Ikkunapelti\">Tutustu tarkemmin<\/a>\n\n\t\t\t<\/div>\n\t\t\t\n\t\t\t<div class=\"grid-item grid-sm-6 grid-md-3\">\n\t\t\t\t<div class=\"grid-thumbnail\">\n\t\t\t\t\t<a href=\"https:\/\/plekimeister.ee\/fi\/julkisivupellit\/nurkkapelti\/\" title=\"Nurkkapelti\"><img loading=\"lazy\" decoding=\"async\" width=\"215\" height=\"160\" src=\"https:\/\/plekimeister.ee\/wp-content\/uploads\/2018\/03\/Nurgaplekk-e1440508410555.png\" class=\"attachment-medium-thumb size-medium-thumb wp-post-image\" alt=\"Nurgaplekk\" \/><\/a>\n\t\t\t\t<\/div>\n\t\t\t\t<h3 class=\"grid-title\"><a href=\"https:\/\/plekimeister.ee\/fi\/julkisivupellit\/nurkkapelti\/\" rel=\"bookmark\">Nurkkapelti<\/a><\/h3>\n\n\t\t\t\t<p>[vc_row padding_top=&#8221;0&#8243; padding_bottom=&#8221;0&#8243;][vc_column css=&#8221;.vc_custom_1432908147274{background-position: center !important;background-repeat: no-repeat !important;background-size: contain !important;}&#8221;][vc_column_text] Nurkkapelti [\/vc_column_text][vc_single_image image=&#8221;2014&#8243; img_size=&#8221;large&#8221;][\/vc_column][\/vc_row][vc_row][vc_column][vc_column_text] V\u00e4rivalikko [\/vc_column_text][vc_column_text el_class=&#8221;product_color&#8221;] RR 20 RR 21 ...<\/p>\n\n\t\t\t\t<a class=\"grid-more\" href=\"https:\/\/plekimeister.ee\/fi\/julkisivupellit\/nurkkapelti\/\" title=\"Nurkkapelti\">Tutustu tarkemmin<\/a>\n\n\t\t\t<\/div>\n\t\t\t\n\t\t\t<div class=\"grid-item grid-sm-6 grid-md-3\">\n\t\t\t\t<div class=\"grid-thumbnail\">\n\t\t\t\t\t<a href=\"https:\/\/plekimeister.ee\/fi\/julkisivupellit\/seinapelti\/\" title=\"Sein\u00e4pelti\"><img loading=\"lazy\" decoding=\"async\" width=\"224\" height=\"170\" src=\"https:\/\/plekimeister.ee\/wp-content\/uploads\/2015\/08\/Seinaplekk.png\" class=\"attachment-medium-thumb size-medium-thumb wp-post-image\" alt=\"\" \/><\/a>\n\t\t\t\t<\/div>\n\t\t\t\t<h3 class=\"grid-title\"><a href=\"https:\/\/plekimeister.ee\/fi\/julkisivupellit\/seinapelti\/\" rel=\"bookmark\">Sein\u00e4pelti<\/a><\/h3>\n\n\t\t\t\t<p>[vc_row padding_top=&#8221;0&#8243; padding_bottom=&#8221;0&#8243;][vc_column css=&#8221;.vc_custom_1432908147274{background-position: center !important;background-repeat: no-repeat !important;background-size: contain !important;}&#8221;][vc_column_text] Sein\u00e4pelti [\/vc_column_text][vc_single_image image=&#8221;1993&#8243; img_size=&#8221;large&#8221;][\/vc_column][\/vc_row][vc_row][vc_column][vc_column_text] V\u00e4rivalikko [\/vc_column_text][vc_column_text el_class=&#8221;product_color&#8221;] RR 20 RR 21 ...<\/p>\n\n\t\t\t\t<a class=\"grid-more\" href=\"https:\/\/plekimeister.ee\/fi\/julkisivupellit\/seinapelti\/\" title=\"Sein\u00e4pelti\">Tutustu tarkemmin<\/a>\n\n\t\t\t<\/div>\n\t\t\t\n\t\t\t\t<div class=\"clear\"><\/div>\n\t\t\t<div class=\"grid-item grid-sm-6 grid-md-3\">\n\t\t\t\t<div class=\"grid-thumbnail\">\n\t\t\t\t\t<a href=\"https:\/\/plekimeister.ee\/fi\/julkisivupellit\/sokkelipelti\/\" title=\"Sokkelipelti\"><img loading=\"lazy\" decoding=\"async\" width=\"215\" height=\"157\" src=\"https:\/\/plekimeister.ee\/wp-content\/uploads\/2015\/08\/Sokliplekk.png\" class=\"attachment-medium-thumb size-medium-thumb wp-post-image\" alt=\"\" \/><\/a>\n\t\t\t\t<\/div>\n\t\t\t\t<h3 class=\"grid-title\"><a href=\"https:\/\/plekimeister.ee\/fi\/julkisivupellit\/sokkelipelti\/\" rel=\"bookmark\">Sokkelipelti<\/a><\/h3>\n\n\t\t\t\t<p>[vc_row padding_top=&#8221;0&#8243; padding_bottom=&#8221;0&#8243;][vc_column css=&#8221;.vc_custom_1432908147274{background-position: center !important;background-repeat: no-repeat !important;background-size: contain !important;}&#8221;][vc_column_text] Sokkelipelti [\/vc_column_text][vc_single_image image=&#8221;1994&#8243; img_size=&#8221;large&#8221;][\/vc_column][\/vc_row][vc_row][vc_column][vc_column_text] V\u00e4rivalikko [\/vc_column_text][vc_column_text el_class=&#8221;product_color&#8221;] RR 20 RR 21 ...<\/p>\n\n\t\t\t\t<a class=\"grid-more\" href=\"https:\/\/plekimeister.ee\/fi\/julkisivupellit\/sokkelipelti\/\" title=\"Sokkelipelti\">Tutustu tarkemmin<\/a>\n\n\t\t\t<\/div>\n\t\t\t\n\t\t<\/div>\n\t<\/div>[\/vc_column][\/vc_row]<\/p>\n","protected":false},"excerpt":{"rendered":"<p>[vc_row class=&#8221;tootedleht&#8221;][vc_column][vc_column_text] Olemme laatineet luettelon suosituimmista profiileista asiakkaitamme varten. Jos tarvitsette tilausty\u00f6t\u00e4, ottakaa meihin yhteytt\u00e4 ja l\u00e4hett\u00e4k\u00e4\u00e4 meille selostus tai piirustukset &#8230;<\/p>\n","protected":false},"author":2,"featured_media":0,"parent":0,"menu_order":0,"comment_status":"closed","ping_status":"closed","template":"","meta":{"footnotes":""},"class_list":["post-2422","page","type-page","status-publish","hentry"],"yoast_head":"<!-- This site is optimized with the Yoast SEO plugin v27.3 - https:\/\/yoast.com\/product\/yoast-seo-wordpress\/ -->\n<title>Julkisivupellit - Plekimeister 5+<\/title>\n<meta name=\"robots\" content=\"index, follow, max-snippet:-1, max-image-preview:large, max-video-preview:-1\" \/>\n<link rel=\"canonical\" href=\"https:\/\/plekimeister.ee\/fi\/julkisivupellit\/\" \/>\n<meta property=\"og:locale\" content=\"fi_FI\" \/>\n<meta property=\"og:type\" content=\"article\" \/>\n<meta property=\"og:title\" content=\"Julkisivupellit - Plekimeister 5+\" \/>\n<meta property=\"og:description\" content=\"[vc_row class=&#8221;tootedleht&#8221;][vc_column][vc_column_text] Olemme laatineet luettelon suosituimmista profiileista asiakkaitamme varten. Jos tarvitsette tilausty\u00f6t\u00e4, ottakaa meihin yhteytt\u00e4 ja l\u00e4hett\u00e4k\u00e4\u00e4 meille selostus tai piirustukset ...\" \/>\n<meta property=\"og:url\" content=\"https:\/\/plekimeister.ee\/fi\/julkisivupellit\/\" \/>\n<meta property=\"og:site_name\" content=\"Plekimeister 5+\" \/>\n<meta property=\"article:publisher\" content=\"https:\/\/www.facebook.com\/share\/1C3cXD9FVu\/?mibextid=wwXIfr\" \/>\n<meta property=\"article:modified_time\" content=\"2018-03-23T08:58:00+00:00\" \/>\n<meta property=\"og:image\" content=\"https:\/\/plekimeister.ee\/wp-content\/uploads\/2015\/06\/Plekimeister_2.jpg\" \/>\n\t<meta property=\"og:image:width\" content=\"2800\" \/>\n\t<meta property=\"og:image:height\" content=\"1632\" \/>\n\t<meta property=\"og:image:type\" content=\"image\/jpeg\" \/>\n<meta name=\"twitter:card\" content=\"summary_large_image\" \/>\n<script type=\"application\/ld+json\" class=\"yoast-schema-graph\">{\"@context\":\"https:\\\/\\\/schema.org\",\"@graph\":[{\"@type\":\"WebPage\",\"@id\":\"https:\\\/\\\/plekimeister.ee\\\/fi\\\/julkisivupellit\\\/\",\"url\":\"https:\\\/\\\/plekimeister.ee\\\/fi\\\/julkisivupellit\\\/\",\"name\":\"Julkisivupellit - Plekimeister 5+\",\"isPartOf\":{\"@id\":\"https:\\\/\\\/plekimeister.ee\\\/#website\"},\"datePublished\":\"2018-02-09T12:49:53+00:00\",\"dateModified\":\"2018-03-23T08:58:00+00:00\",\"breadcrumb\":{\"@id\":\"https:\\\/\\\/plekimeister.ee\\\/fi\\\/julkisivupellit\\\/#breadcrumb\"},\"inLanguage\":\"fi\",\"potentialAction\":[{\"@type\":\"ReadAction\",\"target\":[\"https:\\\/\\\/plekimeister.ee\\\/fi\\\/julkisivupellit\\\/\"]}]},{\"@type\":\"BreadcrumbList\",\"@id\":\"https:\\\/\\\/plekimeister.ee\\\/fi\\\/julkisivupellit\\\/#breadcrumb\",\"itemListElement\":[{\"@type\":\"ListItem\",\"position\":1,\"name\":\"Avaleht\",\"item\":\"https:\\\/\\\/plekimeister.ee\\\/fi\\\/\"},{\"@type\":\"ListItem\",\"position\":2,\"name\":\"Julkisivupellit\"}]},{\"@type\":\"WebSite\",\"@id\":\"https:\\\/\\\/plekimeister.ee\\\/#website\",\"url\":\"https:\\\/\\\/plekimeister.ee\\\/\",\"name\":\"Plekimeister 5+ O\u00dc\",\"description\":\"Plekimeister 5+ O\u00dc\",\"publisher\":{\"@id\":\"https:\\\/\\\/plekimeister.ee\\\/#organization\"},\"alternateName\":\"Plekimeister\",\"potentialAction\":[{\"@type\":\"SearchAction\",\"target\":{\"@type\":\"EntryPoint\",\"urlTemplate\":\"https:\\\/\\\/plekimeister.ee\\\/?s={search_term_string}\"},\"query-input\":{\"@type\":\"PropertyValueSpecification\",\"valueRequired\":true,\"valueName\":\"search_term_string\"}}],\"inLanguage\":\"fi\"},{\"@type\":\"Organization\",\"@id\":\"https:\\\/\\\/plekimeister.ee\\\/#organization\",\"name\":\"Plekimeister 5+ O\u00dc\",\"alternateName\":\"Plekimeister 5+\",\"url\":\"https:\\\/\\\/plekimeister.ee\\\/\",\"logo\":{\"@type\":\"ImageObject\",\"inLanguage\":\"fi\",\"@id\":\"https:\\\/\\\/plekimeister.ee\\\/#\\\/schema\\\/logo\\\/image\\\/\",\"url\":\"https:\\\/\\\/plekimeister.ee\\\/wp-content\\\/uploads\\\/2015\\\/06\\\/LOGO-01.png\",\"contentUrl\":\"https:\\\/\\\/plekimeister.ee\\\/wp-content\\\/uploads\\\/2015\\\/06\\\/LOGO-01.png\",\"width\":833,\"height\":330,\"caption\":\"Plekimeister 5+ O\u00dc\"},\"image\":{\"@id\":\"https:\\\/\\\/plekimeister.ee\\\/#\\\/schema\\\/logo\\\/image\\\/\"},\"sameAs\":[\"https:\\\/\\\/www.facebook.com\\\/share\\\/1C3cXD9FVu\\\/?mibextid=wwXIfr\",\"https:\\\/\\\/ee.linkedin.com\\\/company\\\/plekimeister\"]}]}<\/script>\n<!-- \/ Yoast SEO plugin. -->","yoast_head_json":{"title":"Julkisivupellit - Plekimeister 5+","robots":{"index":"index","follow":"follow","max-snippet":"max-snippet:-1","max-image-preview":"max-image-preview:large","max-video-preview":"max-video-preview:-1"},"canonical":"https:\/\/plekimeister.ee\/fi\/julkisivupellit\/","og_locale":"fi_FI","og_type":"article","og_title":"Julkisivupellit - Plekimeister 5+","og_description":"[vc_row class=&#8221;tootedleht&#8221;][vc_column][vc_column_text] Olemme laatineet luettelon suosituimmista profiileista asiakkaitamme varten. Jos tarvitsette tilausty\u00f6t\u00e4, ottakaa meihin yhteytt\u00e4 ja l\u00e4hett\u00e4k\u00e4\u00e4 meille selostus tai piirustukset ...","og_url":"https:\/\/plekimeister.ee\/fi\/julkisivupellit\/","og_site_name":"Plekimeister 5+","article_publisher":"https:\/\/www.facebook.com\/share\/1C3cXD9FVu\/?mibextid=wwXIfr","article_modified_time":"2018-03-23T08:58:00+00:00","og_image":[{"width":2800,"height":1632,"url":"https:\/\/plekimeister.ee\/wp-content\/uploads\/2015\/06\/Plekimeister_2.jpg","type":"image\/jpeg"}],"twitter_card":"summary_large_image","schema":{"@context":"https:\/\/schema.org","@graph":[{"@type":"WebPage","@id":"https:\/\/plekimeister.ee\/fi\/julkisivupellit\/","url":"https:\/\/plekimeister.ee\/fi\/julkisivupellit\/","name":"Julkisivupellit - Plekimeister 5+","isPartOf":{"@id":"https:\/\/plekimeister.ee\/#website"},"datePublished":"2018-02-09T12:49:53+00:00","dateModified":"2018-03-23T08:58:00+00:00","breadcrumb":{"@id":"https:\/\/plekimeister.ee\/fi\/julkisivupellit\/#breadcrumb"},"inLanguage":"fi","potentialAction":[{"@type":"ReadAction","target":["https:\/\/plekimeister.ee\/fi\/julkisivupellit\/"]}]},{"@type":"BreadcrumbList","@id":"https:\/\/plekimeister.ee\/fi\/julkisivupellit\/#breadcrumb","itemListElement":[{"@type":"ListItem","position":1,"name":"Avaleht","item":"https:\/\/plekimeister.ee\/fi\/"},{"@type":"ListItem","position":2,"name":"Julkisivupellit"}]},{"@type":"WebSite","@id":"https:\/\/plekimeister.ee\/#website","url":"https:\/\/plekimeister.ee\/","name":"Plekimeister 5+ O\u00dc","description":"Plekimeister 5+ O\u00dc","publisher":{"@id":"https:\/\/plekimeister.ee\/#organization"},"alternateName":"Plekimeister","potentialAction":[{"@type":"SearchAction","target":{"@type":"EntryPoint","urlTemplate":"https:\/\/plekimeister.ee\/?s={search_term_string}"},"query-input":{"@type":"PropertyValueSpecification","valueRequired":true,"valueName":"search_term_string"}}],"inLanguage":"fi"},{"@type":"Organization","@id":"https:\/\/plekimeister.ee\/#organization","name":"Plekimeister 5+ O\u00dc","alternateName":"Plekimeister 5+","url":"https:\/\/plekimeister.ee\/","logo":{"@type":"ImageObject","inLanguage":"fi","@id":"https:\/\/plekimeister.ee\/#\/schema\/logo\/image\/","url":"https:\/\/plekimeister.ee\/wp-content\/uploads\/2015\/06\/LOGO-01.png","contentUrl":"https:\/\/plekimeister.ee\/wp-content\/uploads\/2015\/06\/LOGO-01.png","width":833,"height":330,"caption":"Plekimeister 5+ O\u00dc"},"image":{"@id":"https:\/\/plekimeister.ee\/#\/schema\/logo\/image\/"},"sameAs":["https:\/\/www.facebook.com\/share\/1C3cXD9FVu\/?mibextid=wwXIfr","https:\/\/ee.linkedin.com\/company\/plekimeister"]}]}},"_links":{"self":[{"href":"https:\/\/plekimeister.ee\/fi\/wp-json\/wp\/v2\/pages\/2422","targetHints":{"allow":["GET"]}}],"collection":[{"href":"https:\/\/plekimeister.ee\/fi\/wp-json\/wp\/v2\/pages"}],"about":[{"href":"https:\/\/plekimeister.ee\/fi\/wp-json\/wp\/v2\/types\/page"}],"author":[{"embeddable":true,"href":"https:\/\/plekimeister.ee\/fi\/wp-json\/wp\/v2\/users\/2"}],"replies":[{"embeddable":true,"href":"https:\/\/plekimeister.ee\/fi\/wp-json\/wp\/v2\/comments?post=2422"}],"version-history":[{"count":5,"href":"https:\/\/plekimeister.ee\/fi\/wp-json\/wp\/v2\/pages\/2422\/revisions"}],"predecessor-version":[{"id":2581,"href":"https:\/\/plekimeister.ee\/fi\/wp-json\/wp\/v2\/pages\/2422\/revisions\/2581"}],"wp:attachment":[{"href":"https:\/\/plekimeister.ee\/fi\/wp-json\/wp\/v2\/media?parent=2422"}],"curies":[{"name":"wp","href":"https:\/\/api.w.org\/{rel}","templated":true}]}}