{"id":2421,"date":"2015-05-22T12:01:51","date_gmt":"2015-05-22T12:01:51","guid":{"rendered":"https:\/\/plekimeister.ee\/katuseplekk\/"},"modified":"2018-03-23T10:58:10","modified_gmt":"2018-03-23T08:58:10","slug":"kattopellit","status":"publish","type":"page","link":"https:\/\/plekimeister.ee\/fi\/kattopellit\/","title":{"rendered":"Kattopellit"},"content":{"rendered":"<p>[vc_row class=&#8221;tootedleht&#8221;][vc_column][vc_column_text]<\/p>\n<h4>Olemme laatineet luettelon suosituimmista profiileista asiakkaitamme varten. Jos tarvitsette tilausty\u00f6t\u00e4, ottakaa meihin yhteytt\u00e4 ja l\u00e4hett\u00e4k\u00e4\u00e4 meille selostus tai piirustukset ideastanne. Ota meihin yhteytt\u00e4 Pyyd\u00e4 tarjous -sivulta.<\/h4>\n<p>[\/vc_column_text][vc_separator][\/vc_column][\/vc_row][vc_row][vc_column]\n\t<div class=\"child-page-wrapper Tooteprofiilid\">\n\t\t<div class=\"grid-wrapper grid-4-columns grid-row \">\n\t\t\t<div class=\"grid-item grid-sm-6 grid-md-3\">\n\t\t\t\t<div class=\"grid-thumbnail\">\n\t\t\t\t\t<a href=\"https:\/\/plekimeister.ee\/fi\/kattopellit\/harjapelti\/\" title=\"Harjapelti\"><img loading=\"lazy\" decoding=\"async\" width=\"233\" height=\"175\" src=\"https:\/\/plekimeister.ee\/wp-content\/uploads\/2015\/08\/Harjaplekk.png\" class=\"attachment-medium-thumb size-medium-thumb wp-post-image\" alt=\"\" \/><\/a>\n\t\t\t\t<\/div>\n\t\t\t\t<h3 class=\"grid-title\"><a href=\"https:\/\/plekimeister.ee\/fi\/kattopellit\/harjapelti\/\" rel=\"bookmark\">Harjapelti<\/a><\/h3>\n\n\t\t\t\t<p>[vc_row padding_top=&#8221;0&#8243; padding_bottom=&#8221;0&#8243;][vc_column css=&#8221;.vc_custom_1432908147274{background-position: center !important;background-repeat: no-repeat !important;background-size: contain !important;}&#8221;][vc_column_text] Harjapelti [\/vc_column_text][vc_single_image image=&#8221;1985&#8243; img_size=&#8221;large&#8221;][\/vc_column][\/vc_row][vc_row][vc_column][vc_column_text] V\u00e4rivalikko [\/vc_column_text][vc_column_text el_class=&#8221;product_color&#8221;] RR 20 RR 21 ...<\/p>\n\n\t\t\t\t<a class=\"grid-more\" href=\"https:\/\/plekimeister.ee\/fi\/kattopellit\/harjapelti\/\" title=\"Harjapelti\">Tutustu tarkemmin<\/a>\n\n\t\t\t<\/div>\n\t\t\t\n\t\t\t<div class=\"grid-item grid-sm-6 grid-md-3\">\n\t\t\t\t<div class=\"grid-thumbnail\">\n\t\t\t\t\t<a href=\"https:\/\/plekimeister.ee\/fi\/kattopellit\/harjapelti-s-profiilina\/\" title=\"Harjapelti S-profiilina\"><img loading=\"lazy\" decoding=\"async\" width=\"234\" height=\"172\" src=\"https:\/\/plekimeister.ee\/wp-content\/uploads\/2015\/08\/Harjaplekk-S-profiil.png\" class=\"attachment-medium-thumb size-medium-thumb wp-post-image\" alt=\"\" \/><\/a>\n\t\t\t\t<\/div>\n\t\t\t\t<h3 class=\"grid-title\"><a href=\"https:\/\/plekimeister.ee\/fi\/kattopellit\/harjapelti-s-profiilina\/\" rel=\"bookmark\">Harjapelti S-profiilina<\/a><\/h3>\n\n\t\t\t\t<p>[vc_row padding_top=&#8221;0&#8243; padding_bottom=&#8221;0&#8243;][vc_column css=&#8221;.vc_custom_1432908147274{background-position: center !important;background-repeat: no-repeat !important;background-size: contain !important;}&#8221;][vc_column_text] Harjapelti S-profiilina [\/vc_column_text][vc_single_image image=&#8221;1984&#8243; img_size=&#8221;large&#8221;][\/vc_column][\/vc_row][vc_row][vc_column][vc_column_text] V\u00e4rivalikko [\/vc_column_text][vc_column_text el_class=&#8221;product_color&#8221;] RR 20 RR ...<\/p>\n\n\t\t\t\t<a class=\"grid-more\" href=\"https:\/\/plekimeister.ee\/fi\/kattopellit\/harjapelti-s-profiilina\/\" title=\"Harjapelti S-profiilina\">Tutustu tarkemmin<\/a>\n\n\t\t\t<\/div>\n\t\t\t\n\t\t\t<div class=\"grid-item grid-sm-6 grid-md-3\">\n\t\t\t\t<div class=\"grid-thumbnail\">\n\t\t\t\t\t<a href=\"https:\/\/plekimeister.ee\/fi\/kattopellit\/jiiripelti\/\" title=\"Jiiripelti\"><img loading=\"lazy\" decoding=\"async\" width=\"247\" height=\"185\" src=\"https:\/\/plekimeister.ee\/wp-content\/uploads\/2015\/08\/Neeluplekk.png\" class=\"attachment-medium-thumb size-medium-thumb wp-post-image\" alt=\"\" \/><\/a>\n\t\t\t\t<\/div>\n\t\t\t\t<h3 class=\"grid-title\"><a href=\"https:\/\/plekimeister.ee\/fi\/kattopellit\/jiiripelti\/\" rel=\"bookmark\">Jiiripelti<\/a><\/h3>\n\n\t\t\t\t<p>[vc_row padding_top=&#8221;0&#8243; padding_bottom=&#8221;0&#8243;][vc_column css=&#8221;.vc_custom_1432908147274{background-position: center !important;background-repeat: no-repeat !important;background-size: contain !important;}&#8221;][vc_column_text] Jiiripelti [\/vc_column_text][vc_single_image image=&#8221;1991&#8243; img_size=&#8221;large&#8221;][\/vc_column][\/vc_row][vc_row][vc_column][vc_column_text] V\u00e4rivalikko [\/vc_column_text][vc_column_text el_class=&#8221;product_color&#8221;] RR 20 RR 21 ...<\/p>\n\n\t\t\t\t<a class=\"grid-more\" href=\"https:\/\/plekimeister.ee\/fi\/kattopellit\/jiiripelti\/\" title=\"Jiiripelti\">Tutustu tarkemmin<\/a>\n\n\t\t\t<\/div>\n\t\t\t\n\t\t\t<div class=\"grid-item grid-sm-6 grid-md-3\">\n\t\t\t\t<div class=\"grid-thumbnail\">\n\t\t\t\t\t<a href=\"https:\/\/plekimeister.ee\/fi\/kattopellit\/liitospelti\/\" title=\"Liitospelti\"><img loading=\"lazy\" decoding=\"async\" width=\"234\" height=\"181\" src=\"https:\/\/plekimeister.ee\/wp-content\/uploads\/2015\/08\/Liiteplekk.png\" class=\"attachment-medium-thumb size-medium-thumb wp-post-image\" alt=\"\" \/><\/a>\n\t\t\t\t<\/div>\n\t\t\t\t<h3 class=\"grid-title\"><a href=\"https:\/\/plekimeister.ee\/fi\/kattopellit\/liitospelti\/\" rel=\"bookmark\">Liitospelti<\/a><\/h3>\n\n\t\t\t\t<p>[vc_row padding_top=&#8221;0&#8243; padding_bottom=&#8221;0&#8243;][vc_column css=&#8221;.vc_custom_1432908147274{background-position: center !important;background-repeat: no-repeat !important;background-size: contain !important;}&#8221;][vc_column_text] Liitospelti [\/vc_column_text][vc_single_image image=&#8221;1988&#8243; img_size=&#8221;large&#8221;][\/vc_column][\/vc_row][vc_row][vc_column][vc_column_text] V\u00e4rivalikko [\/vc_column_text][vc_column_text el_class=&#8221;product_color&#8221;] RR 20 RR 21 ...<\/p>\n\n\t\t\t\t<a class=\"grid-more\" href=\"https:\/\/plekimeister.ee\/fi\/kattopellit\/liitospelti\/\" title=\"Liitospelti\">Tutustu tarkemmin<\/a>\n\n\t\t\t<\/div>\n\t\t\t\n\t\t\t\t<div class=\"clear\"><\/div>\n\t\t\t<div class=\"grid-item grid-sm-6 grid-md-3\">\n\t\t\t\t<div class=\"grid-thumbnail\">\n\t\t\t\t\t<a href=\"https:\/\/plekimeister.ee\/fi\/kattopellit\/lumieste\/\" title=\"Lumieste\"><img loading=\"lazy\" decoding=\"async\" width=\"240\" height=\"178\" src=\"https:\/\/plekimeister.ee\/wp-content\/uploads\/2015\/08\/Lumet\u00f5ke.png\" class=\"attachment-medium-thumb size-medium-thumb wp-post-image\" alt=\"\" \/><\/a>\n\t\t\t\t<\/div>\n\t\t\t\t<h3 class=\"grid-title\"><a href=\"https:\/\/plekimeister.ee\/fi\/kattopellit\/lumieste\/\" rel=\"bookmark\">Lumieste<\/a><\/h3>\n\n\t\t\t\t<p>[vc_row padding_top=&#8221;0&#8243; padding_bottom=&#8221;0&#8243;][vc_column css=&#8221;.vc_custom_1432908147274{background-position: center !important;background-repeat: no-repeat !important;background-size: contain !important;}&#8221;][vc_column_text] Lumieste [\/vc_column_text][vc_single_image image=&#8221;1989&#8243; img_size=&#8221;large&#8221;][\/vc_column][\/vc_row][vc_row][vc_column][vc_column_text] V\u00e4rivalikko [\/vc_column_text][vc_column_text el_class=&#8221;product_color&#8221;] RR 20 RR 21 ...<\/p>\n\n\t\t\t\t<a class=\"grid-more\" href=\"https:\/\/plekimeister.ee\/fi\/kattopellit\/lumieste\/\" title=\"Lumieste\">Tutustu tarkemmin<\/a>\n\n\t\t\t<\/div>\n\t\t\t\n\t\t\t<div class=\"grid-item grid-sm-6 grid-md-3\">\n\t\t\t\t<div class=\"grid-thumbnail\">\n\t\t\t\t\t<a href=\"https:\/\/plekimeister.ee\/fi\/kattopellit\/parapetti\/\" title=\"Parapetti\"><img loading=\"lazy\" decoding=\"async\" width=\"238\" height=\"174\" src=\"https:\/\/plekimeister.ee\/wp-content\/uploads\/2015\/08\/Parapett.png\" class=\"attachment-medium-thumb size-medium-thumb wp-post-image\" alt=\"\" \/><\/a>\n\t\t\t\t<\/div>\n\t\t\t\t<h3 class=\"grid-title\"><a href=\"https:\/\/plekimeister.ee\/fi\/kattopellit\/parapetti\/\" rel=\"bookmark\">Parapetti<\/a><\/h3>\n\n\t\t\t\t<p>[vc_row padding_top=&#8221;0&#8243; padding_bottom=&#8221;0&#8243;][vc_column css=&#8221;.vc_custom_1432908147274{background-position: center !important;background-repeat: no-repeat !important;background-size: contain !important;}&#8221;][vc_column_text] Parapetti [\/vc_column_text][vc_single_image image=&#8221;1992&#8243; img_size=&#8221;large&#8221;][\/vc_column][\/vc_row][vc_row][vc_column][vc_column_text] V\u00e4rivalikko [\/vc_column_text][vc_column_text el_class=&#8221;product_color&#8221;] RR 20 RR 21 ...<\/p>\n\n\t\t\t\t<a class=\"grid-more\" href=\"https:\/\/plekimeister.ee\/fi\/kattopellit\/parapetti\/\" title=\"Parapetti\">Tutustu tarkemmin<\/a>\n\n\t\t\t<\/div>\n\t\t\t\n\t\t\t<div class=\"grid-item grid-sm-6 grid-md-3\">\n\t\t\t\t<div class=\"grid-thumbnail\">\n\t\t\t\t\t<a href=\"https:\/\/plekimeister.ee\/fi\/kattopellit\/reunapelti\/\" title=\"Reunapelti\"><img loading=\"lazy\" decoding=\"async\" width=\"215\" height=\"160\" src=\"https:\/\/plekimeister.ee\/wp-content\/uploads\/2018\/03\/aareplekk.png\" class=\"attachment-medium-thumb size-medium-thumb wp-post-image\" alt=\"\" \/><\/a>\n\t\t\t\t<\/div>\n\t\t\t\t<h3 class=\"grid-title\"><a href=\"https:\/\/plekimeister.ee\/fi\/kattopellit\/reunapelti\/\" rel=\"bookmark\">Reunapelti<\/a><\/h3>\n\n\t\t\t\t<p>[vc_row padding_top=&#8221;0&#8243; padding_bottom=&#8221;0&#8243;][vc_column css=&#8221;.vc_custom_1432908147274{background-position: center !important;background-repeat: no-repeat !important;background-size: contain !important;}&#8221;][vc_column_text] Reunapelti [\/vc_column_text][vc_single_image image=&#8221;1981&#8243; img_size=&#8221;large&#8221;][\/vc_column][\/vc_row][vc_row][vc_column][vc_column_text] V\u00e4rivalikko [\/vc_column_text][vc_column_text el_class=&#8221;product_color&#8221;] RR 20 RR 21 ...<\/p>\n\n\t\t\t\t<a class=\"grid-more\" href=\"https:\/\/plekimeister.ee\/fi\/kattopellit\/reunapelti\/\" title=\"Reunapelti\">Tutustu tarkemmin<\/a>\n\n\t\t\t<\/div>\n\t\t\t\n\t\t\t<div class=\"grid-item grid-sm-6 grid-md-3\">\n\t\t\t\t<div class=\"grid-thumbnail\">\n\t\t\t\t\t<a href=\"https:\/\/plekimeister.ee\/fi\/kattopellit\/reunapelti-2\/\" title=\"Reunapelti\"><img loading=\"lazy\" decoding=\"async\" width=\"215\" height=\"160\" src=\"https:\/\/plekimeister.ee\/wp-content\/uploads\/2015\/08\/Viiluplekk.png\" class=\"attachment-medium-thumb size-medium-thumb wp-post-image\" alt=\"\" \/><\/a>\n\t\t\t\t<\/div>\n\t\t\t\t<h3 class=\"grid-title\"><a href=\"https:\/\/plekimeister.ee\/fi\/kattopellit\/reunapelti-2\/\" rel=\"bookmark\">Reunapelti<\/a><\/h3>\n\n\t\t\t\t<p>[vc_row padding_top=&#8221;0&#8243; padding_bottom=&#8221;0&#8243;][vc_column css=&#8221;.vc_custom_1432908147274{background-position: center !important;background-repeat: no-repeat !important;background-size: contain !important;}&#8221;][vc_column_text] Reunapelti [\/vc_column_text][vc_single_image image=&#8221;1996&#8243; img_size=&#8221;large&#8221;][\/vc_column][\/vc_row][vc_row][vc_column][vc_column_text] V\u00e4rivalikko [\/vc_column_text][vc_column_text el_class=&#8221;product_color&#8221;] RR 20 RR 21 ...<\/p>\n\n\t\t\t\t<a class=\"grid-more\" href=\"https:\/\/plekimeister.ee\/fi\/kattopellit\/reunapelti-2\/\" title=\"Reunapelti\">Tutustu tarkemmin<\/a>\n\n\t\t\t<\/div>\n\t\t\t\n\t\t\t\t<div class=\"clear\"><\/div>\n\t\t\t<div class=\"grid-item grid-sm-6 grid-md-3\">\n\t\t\t\t<div class=\"grid-thumbnail\">\n\t\t\t\t\t<a href=\"https:\/\/plekimeister.ee\/fi\/kattopellit\/reunapelti-kohotetulla-reunalla\/\" title=\"Reunapelti kohotetulla reunalla\"><img loading=\"lazy\" decoding=\"async\" width=\"200\" height=\"163\" src=\"https:\/\/plekimeister.ee\/wp-content\/uploads\/2015\/08\/K.-\u00e4\u00e4replekk.png\" class=\"attachment-medium-thumb size-medium-thumb wp-post-image\" alt=\"\" \/><\/a>\n\t\t\t\t<\/div>\n\t\t\t\t<h3 class=\"grid-title\"><a href=\"https:\/\/plekimeister.ee\/fi\/kattopellit\/reunapelti-kohotetulla-reunalla\/\" rel=\"bookmark\">Reunapelti kohotetulla reunalla<\/a><\/h3>\n\n\t\t\t\t<p>[vc_row padding_top=&#8221;0&#8243; padding_bottom=&#8221;0&#8243;][vc_column css=&#8221;.vc_custom_1432908147274{background-position: center !important;background-repeat: no-repeat !important;background-size: contain !important;}&#8221;][vc_column_text] Reunapelti kohotetulla reunalla [\/vc_column_text][vc_single_image image=&#8221;1986&#8243; img_size=&#8221;large&#8221;][\/vc_column][\/vc_row][vc_row][vc_column][vc_column_text] V\u00e4rivalikko [\/vc_column_text][vc_column_text el_class=&#8221;product_color&#8221;] RR 20 ...<\/p>\n\n\t\t\t\t<a class=\"grid-more\" href=\"https:\/\/plekimeister.ee\/fi\/kattopellit\/reunapelti-kohotetulla-reunalla\/\" title=\"Reunapelti kohotetulla reunalla\">Tutustu tarkemmin<\/a>\n\n\t\t\t<\/div>\n\t\t\t\n\t\t\t<div class=\"grid-item grid-sm-6 grid-md-3\">\n\t\t\t\t<div class=\"grid-thumbnail\">\n\t\t\t\t\t<a href=\"https:\/\/plekimeister.ee\/fi\/kattopellit\/tiilikaton-jiiripelti\/\" title=\"Tiilikaton jiiripelti\"><img loading=\"lazy\" decoding=\"async\" width=\"242\" height=\"190\" src=\"https:\/\/plekimeister.ee\/wp-content\/uploads\/2015\/08\/Neeluplekk-kivikatusele.png\" class=\"attachment-medium-thumb size-medium-thumb wp-post-image\" alt=\"\" \/><\/a>\n\t\t\t\t<\/div>\n\t\t\t\t<h3 class=\"grid-title\"><a href=\"https:\/\/plekimeister.ee\/fi\/kattopellit\/tiilikaton-jiiripelti\/\" rel=\"bookmark\">Tiilikaton jiiripelti<\/a><\/h3>\n\n\t\t\t\t<p>[vc_row padding_top=&#8221;0&#8243; padding_bottom=&#8221;0&#8243;][vc_column css=&#8221;.vc_custom_1432908147274{background-position: center !important;background-repeat: no-repeat !important;background-size: contain !important;}&#8221;][vc_column_text] Tiilikaton jiiripelti [\/vc_column_text][vc_single_image image=&#8221;1990&#8243; img_size=&#8221;large&#8221;][\/vc_column][\/vc_row][vc_row][vc_column][vc_column_text] V\u00e4rivalikko [\/vc_column_text][vc_column_text el_class=&#8221;product_color&#8221;] RR 20 RR ...<\/p>\n\n\t\t\t\t<a class=\"grid-more\" href=\"https:\/\/plekimeister.ee\/fi\/kattopellit\/tiilikaton-jiiripelti\/\" title=\"Tiilikaton jiiripelti\">Tutustu tarkemmin<\/a>\n\n\t\t\t<\/div>\n\t\t\t\n\t\t\t<div class=\"grid-item grid-sm-6 grid-md-3\">\n\t\t\t\t<div class=\"grid-thumbnail\">\n\t\t\t\t\t<a href=\"https:\/\/plekimeister.ee\/fi\/kattopellit\/tippapelti\/\" title=\"Tippapelti\"><img loading=\"lazy\" decoding=\"async\" width=\"222\" height=\"171\" src=\"https:\/\/plekimeister.ee\/wp-content\/uploads\/2015\/08\/Tilgaplekk.png\" class=\"attachment-medium-thumb size-medium-thumb wp-post-image\" alt=\"\" \/><\/a>\n\t\t\t\t<\/div>\n\t\t\t\t<h3 class=\"grid-title\"><a href=\"https:\/\/plekimeister.ee\/fi\/kattopellit\/tippapelti\/\" rel=\"bookmark\">Tippapelti<\/a><\/h3>\n\n\t\t\t\t<p>[vc_row padding_top=&#8221;0&#8243; padding_bottom=&#8221;0&#8243;][vc_column css=&#8221;.vc_custom_1432908147274{background-position: center !important;background-repeat: no-repeat !important;background-size: contain !important;}&#8221;][vc_column_text] Tippapelti [\/vc_column_text][vc_single_image image=&#8221;1995&#8243; img_size=&#8221;large&#8221;][\/vc_column][\/vc_row][vc_row][vc_column][vc_column_text] V\u00e4rivalikko [\/vc_column_text][vc_column_text el_class=&#8221;product_color&#8221;] RR 20 RR 21 ...<\/p>\n\n\t\t\t\t<a class=\"grid-more\" href=\"https:\/\/plekimeister.ee\/fi\/kattopellit\/tippapelti\/\" title=\"Tippapelti\">Tutustu tarkemmin<\/a>\n\n\t\t\t<\/div>\n\t\t\t\n\t\t<\/div>\n\t<\/div>[\/vc_column][\/vc_row]<\/p>\n","protected":false},"excerpt":{"rendered":"<p>[vc_row class=&#8221;tootedleht&#8221;][vc_column][vc_column_text] Olemme laatineet luettelon suosituimmista profiileista asiakkaitamme varten. Jos tarvitsette tilausty\u00f6t\u00e4, ottakaa meihin yhteytt\u00e4 ja l\u00e4hett\u00e4k\u00e4\u00e4 meille selostus tai piirustukset &#8230;<\/p>\n","protected":false},"author":2,"featured_media":0,"parent":0,"menu_order":0,"comment_status":"open","ping_status":"open","template":"","meta":{"footnotes":""},"class_list":["post-2421","page","type-page","status-publish","hentry"],"yoast_head":"<!-- This site is optimized with the Yoast SEO plugin v27.3 - https:\/\/yoast.com\/product\/yoast-seo-wordpress\/ -->\n<title>Kattopellit - Plekimeister 5+<\/title>\n<meta name=\"robots\" content=\"index, follow, max-snippet:-1, max-image-preview:large, max-video-preview:-1\" \/>\n<link rel=\"canonical\" href=\"https:\/\/plekimeister.ee\/fi\/kattopellit\/\" \/>\n<meta property=\"og:locale\" content=\"fi_FI\" \/>\n<meta property=\"og:type\" content=\"article\" \/>\n<meta property=\"og:title\" content=\"Kattopellit - Plekimeister 5+\" \/>\n<meta property=\"og:description\" content=\"[vc_row class=&#8221;tootedleht&#8221;][vc_column][vc_column_text] Olemme laatineet luettelon suosituimmista profiileista asiakkaitamme varten. Jos tarvitsette tilausty\u00f6t\u00e4, ottakaa meihin yhteytt\u00e4 ja l\u00e4hett\u00e4k\u00e4\u00e4 meille selostus tai piirustukset ...\" \/>\n<meta property=\"og:url\" content=\"https:\/\/plekimeister.ee\/fi\/kattopellit\/\" \/>\n<meta property=\"og:site_name\" content=\"Plekimeister 5+\" \/>\n<meta property=\"article:publisher\" content=\"https:\/\/www.facebook.com\/share\/1C3cXD9FVu\/?mibextid=wwXIfr\" \/>\n<meta property=\"article:modified_time\" content=\"2018-03-23T08:58:10+00:00\" \/>\n<meta property=\"og:image\" content=\"https:\/\/plekimeister.ee\/wp-content\/uploads\/2015\/06\/Plekimeister_2.jpg\" \/>\n\t<meta property=\"og:image:width\" content=\"2800\" \/>\n\t<meta property=\"og:image:height\" content=\"1632\" \/>\n\t<meta property=\"og:image:type\" content=\"image\/jpeg\" \/>\n<meta name=\"twitter:card\" content=\"summary_large_image\" \/>\n<script type=\"application\/ld+json\" class=\"yoast-schema-graph\">{\"@context\":\"https:\\\/\\\/schema.org\",\"@graph\":[{\"@type\":\"WebPage\",\"@id\":\"https:\\\/\\\/plekimeister.ee\\\/fi\\\/kattopellit\\\/\",\"url\":\"https:\\\/\\\/plekimeister.ee\\\/fi\\\/kattopellit\\\/\",\"name\":\"Kattopellit - Plekimeister 5+\",\"isPartOf\":{\"@id\":\"https:\\\/\\\/plekimeister.ee\\\/#website\"},\"datePublished\":\"2015-05-22T12:01:51+00:00\",\"dateModified\":\"2018-03-23T08:58:10+00:00\",\"breadcrumb\":{\"@id\":\"https:\\\/\\\/plekimeister.ee\\\/fi\\\/kattopellit\\\/#breadcrumb\"},\"inLanguage\":\"fi\",\"potentialAction\":[{\"@type\":\"ReadAction\",\"target\":[\"https:\\\/\\\/plekimeister.ee\\\/fi\\\/kattopellit\\\/\"]}]},{\"@type\":\"BreadcrumbList\",\"@id\":\"https:\\\/\\\/plekimeister.ee\\\/fi\\\/kattopellit\\\/#breadcrumb\",\"itemListElement\":[{\"@type\":\"ListItem\",\"position\":1,\"name\":\"Avaleht\",\"item\":\"https:\\\/\\\/plekimeister.ee\\\/fi\\\/\"},{\"@type\":\"ListItem\",\"position\":2,\"name\":\"Kattopellit\"}]},{\"@type\":\"WebSite\",\"@id\":\"https:\\\/\\\/plekimeister.ee\\\/#website\",\"url\":\"https:\\\/\\\/plekimeister.ee\\\/\",\"name\":\"Plekimeister 5+ O\u00dc\",\"description\":\"Plekimeister 5+ O\u00dc\",\"publisher\":{\"@id\":\"https:\\\/\\\/plekimeister.ee\\\/#organization\"},\"alternateName\":\"Plekimeister\",\"potentialAction\":[{\"@type\":\"SearchAction\",\"target\":{\"@type\":\"EntryPoint\",\"urlTemplate\":\"https:\\\/\\\/plekimeister.ee\\\/?s={search_term_string}\"},\"query-input\":{\"@type\":\"PropertyValueSpecification\",\"valueRequired\":true,\"valueName\":\"search_term_string\"}}],\"inLanguage\":\"fi\"},{\"@type\":\"Organization\",\"@id\":\"https:\\\/\\\/plekimeister.ee\\\/#organization\",\"name\":\"Plekimeister 5+ O\u00dc\",\"alternateName\":\"Plekimeister 5+\",\"url\":\"https:\\\/\\\/plekimeister.ee\\\/\",\"logo\":{\"@type\":\"ImageObject\",\"inLanguage\":\"fi\",\"@id\":\"https:\\\/\\\/plekimeister.ee\\\/#\\\/schema\\\/logo\\\/image\\\/\",\"url\":\"https:\\\/\\\/plekimeister.ee\\\/wp-content\\\/uploads\\\/2015\\\/06\\\/LOGO-01.png\",\"contentUrl\":\"https:\\\/\\\/plekimeister.ee\\\/wp-content\\\/uploads\\\/2015\\\/06\\\/LOGO-01.png\",\"width\":833,\"height\":330,\"caption\":\"Plekimeister 5+ O\u00dc\"},\"image\":{\"@id\":\"https:\\\/\\\/plekimeister.ee\\\/#\\\/schema\\\/logo\\\/image\\\/\"},\"sameAs\":[\"https:\\\/\\\/www.facebook.com\\\/share\\\/1C3cXD9FVu\\\/?mibextid=wwXIfr\",\"https:\\\/\\\/ee.linkedin.com\\\/company\\\/plekimeister\"]}]}<\/script>\n<!-- \/ Yoast SEO plugin. -->","yoast_head_json":{"title":"Kattopellit - Plekimeister 5+","robots":{"index":"index","follow":"follow","max-snippet":"max-snippet:-1","max-image-preview":"max-image-preview:large","max-video-preview":"max-video-preview:-1"},"canonical":"https:\/\/plekimeister.ee\/fi\/kattopellit\/","og_locale":"fi_FI","og_type":"article","og_title":"Kattopellit - Plekimeister 5+","og_description":"[vc_row class=&#8221;tootedleht&#8221;][vc_column][vc_column_text] Olemme laatineet luettelon suosituimmista profiileista asiakkaitamme varten. Jos tarvitsette tilausty\u00f6t\u00e4, ottakaa meihin yhteytt\u00e4 ja l\u00e4hett\u00e4k\u00e4\u00e4 meille selostus tai piirustukset ...","og_url":"https:\/\/plekimeister.ee\/fi\/kattopellit\/","og_site_name":"Plekimeister 5+","article_publisher":"https:\/\/www.facebook.com\/share\/1C3cXD9FVu\/?mibextid=wwXIfr","article_modified_time":"2018-03-23T08:58:10+00:00","og_image":[{"width":2800,"height":1632,"url":"https:\/\/plekimeister.ee\/wp-content\/uploads\/2015\/06\/Plekimeister_2.jpg","type":"image\/jpeg"}],"twitter_card":"summary_large_image","schema":{"@context":"https:\/\/schema.org","@graph":[{"@type":"WebPage","@id":"https:\/\/plekimeister.ee\/fi\/kattopellit\/","url":"https:\/\/plekimeister.ee\/fi\/kattopellit\/","name":"Kattopellit - Plekimeister 5+","isPartOf":{"@id":"https:\/\/plekimeister.ee\/#website"},"datePublished":"2015-05-22T12:01:51+00:00","dateModified":"2018-03-23T08:58:10+00:00","breadcrumb":{"@id":"https:\/\/plekimeister.ee\/fi\/kattopellit\/#breadcrumb"},"inLanguage":"fi","potentialAction":[{"@type":"ReadAction","target":["https:\/\/plekimeister.ee\/fi\/kattopellit\/"]}]},{"@type":"BreadcrumbList","@id":"https:\/\/plekimeister.ee\/fi\/kattopellit\/#breadcrumb","itemListElement":[{"@type":"ListItem","position":1,"name":"Avaleht","item":"https:\/\/plekimeister.ee\/fi\/"},{"@type":"ListItem","position":2,"name":"Kattopellit"}]},{"@type":"WebSite","@id":"https:\/\/plekimeister.ee\/#website","url":"https:\/\/plekimeister.ee\/","name":"Plekimeister 5+ O\u00dc","description":"Plekimeister 5+ O\u00dc","publisher":{"@id":"https:\/\/plekimeister.ee\/#organization"},"alternateName":"Plekimeister","potentialAction":[{"@type":"SearchAction","target":{"@type":"EntryPoint","urlTemplate":"https:\/\/plekimeister.ee\/?s={search_term_string}"},"query-input":{"@type":"PropertyValueSpecification","valueRequired":true,"valueName":"search_term_string"}}],"inLanguage":"fi"},{"@type":"Organization","@id":"https:\/\/plekimeister.ee\/#organization","name":"Plekimeister 5+ O\u00dc","alternateName":"Plekimeister 5+","url":"https:\/\/plekimeister.ee\/","logo":{"@type":"ImageObject","inLanguage":"fi","@id":"https:\/\/plekimeister.ee\/#\/schema\/logo\/image\/","url":"https:\/\/plekimeister.ee\/wp-content\/uploads\/2015\/06\/LOGO-01.png","contentUrl":"https:\/\/plekimeister.ee\/wp-content\/uploads\/2015\/06\/LOGO-01.png","width":833,"height":330,"caption":"Plekimeister 5+ O\u00dc"},"image":{"@id":"https:\/\/plekimeister.ee\/#\/schema\/logo\/image\/"},"sameAs":["https:\/\/www.facebook.com\/share\/1C3cXD9FVu\/?mibextid=wwXIfr","https:\/\/ee.linkedin.com\/company\/plekimeister"]}]}},"_links":{"self":[{"href":"https:\/\/plekimeister.ee\/fi\/wp-json\/wp\/v2\/pages\/2421","targetHints":{"allow":["GET"]}}],"collection":[{"href":"https:\/\/plekimeister.ee\/fi\/wp-json\/wp\/v2\/pages"}],"about":[{"href":"https:\/\/plekimeister.ee\/fi\/wp-json\/wp\/v2\/types\/page"}],"author":[{"embeddable":true,"href":"https:\/\/plekimeister.ee\/fi\/wp-json\/wp\/v2\/users\/2"}],"replies":[{"embeddable":true,"href":"https:\/\/plekimeister.ee\/fi\/wp-json\/wp\/v2\/comments?post=2421"}],"version-history":[{"count":5,"href":"https:\/\/plekimeister.ee\/fi\/wp-json\/wp\/v2\/pages\/2421\/revisions"}],"predecessor-version":[{"id":2582,"href":"https:\/\/plekimeister.ee\/fi\/wp-json\/wp\/v2\/pages\/2421\/revisions\/2582"}],"wp:attachment":[{"href":"https:\/\/plekimeister.ee\/fi\/wp-json\/wp\/v2\/media?parent=2421"}],"curies":[{"name":"wp","href":"https:\/\/api.w.org\/{rel}","templated":true}]}}